{"id":4576,"date":"2025-02-04T12:07:10","date_gmt":"2025-02-04T12:07:10","guid":{"rendered":"https:\/\/biovanix.com\/?post_type=product&#038;p=4576"},"modified":"2025-03-06T13:44:24","modified_gmt":"2025-03-06T13:44:24","slug":"c8-kieselgel-packungsmaterial","status":"publish","type":"product","link":"https:\/\/biovanix.com\/de\/product\/c8-kieselgel-packungsmaterial\/","title":{"rendered":"C8 Kieselgel Verpackungsmaterial"},"content":{"rendered":"<h1>BioVanix C8 Kieselgel-Packungsmaterial<\/h1>\n<p>BioVanix C8 Silica-Gel basiert auf C8-modifizierten Silicapartikeln mit hoher Oberfl\u00e4chenbedeckung und vollst\u00e4ndiger Endkappung f\u00fcr minimale unerw\u00fcnschte Silanolaktivit\u00e4t. Sie werden am h\u00e4ufigsten zur Trennung von Analyten mit geringer bis hoher Hydrophobie verwendet.<\/p>\n<h3><\/h3>\n<h3>Kiesels\u00e4ure Parameter<\/h3>\n<table width=\"623\">\n<tbody>\n<tr>\n<td style=\"text-align: center;\" width=\"114\"><b>Partikelgr\u00f6\u00dfe <\/b><\/td>\n<td style=\"text-align: center;\" width=\"117\"><b>Porengr\u00f6\u00dfe <\/b><\/td>\n<td style=\"text-align: center;\" width=\"125\"><b>Fl\u00e4che <\/b><\/td>\n<td style=\"text-align: center;\" width=\"136\"><b>Kohlenstoffgehalt <\/b><\/td>\n<td style=\"text-align: center;\" width=\"130\"><b>pH-Bereich <\/b><\/td>\n<\/tr>\n<tr>\n<td style=\"text-align: center;\" width=\"114\">\u00a0 \u00a0 5\/10\/15\/20\/30\/50um<\/td>\n<td style=\"text-align: center;\" width=\"117\">100\u00c5<\/td>\n<td style=\"text-align: center;\" width=\"125\">300m<sup>2<\/sup>\/g<\/td>\n<td style=\"text-align: center;\" width=\"136\">12%<\/td>\n<td style=\"text-align: center;\" width=\"130\">2-8<\/td>\n<\/tr>\n<\/tbody>\n<\/table>\n<h6>F\u00fcr OEM-Service setzen Sie sich bitte direkt mit uns in Verbindung.<\/h6>","protected":false},"excerpt":{"rendered":"<p>BioVanix C8 Silica-gel Packing Material BioVanix C8 silica-gel is based on high surface coverage C8 modified silica particles with exhaustive end-capping for minimal undesired silanol activity. They are most commonly used to separate analytes with low to high hydrophobicity. Silica Parameter Particle Size Pore Size Surface Area Carbon Content pH Range \u00a0 \u00a0 5\/10\/15\/20\/30\/50um 100\u00c5 [&hellip;]<\/p>","protected":false},"featured_media":3669,"template":"","meta":{"om_disable_all_campaigns":false,"_uag_custom_page_level_css":"","_monsterinsights_skip_tracking":false,"_monsterinsights_sitenote_active":false,"_monsterinsights_sitenote_note":"","_monsterinsights_sitenote_category":0,"_uf_show_specific_survey":0,"_uf_disable_surveys":false,"site-sidebar-layout":"default","site-content-layout":"","ast-site-content-layout":"default","site-content-style":"default","site-sidebar-style":"default","ast-global-header-display":"","ast-banner-title-visibility":"","ast-main-header-display":"","ast-hfb-above-header-display":"","ast-hfb-below-header-display":"","ast-hfb-mobile-header-display":"","site-post-title":"","ast-breadcrumbs-content":"","ast-featured-img":"","footer-sml-layout":"","theme-transparent-header-meta":"default","adv-header-id-meta":"","stick-header-meta":"default","header-above-stick-meta":"","header-main-stick-meta":"","header-below-stick-meta":"","astra-migrate-meta-layouts":"set","ast-page-background-enabled":"default","ast-page-background-meta":{"desktop":{"background-color":"var(--ast-global-color-4)","background-image":"","background-repeat":"repeat","background-position":"center center","background-size":"auto","background-attachment":"scroll","background-type":"","background-media":"","overlay-type":"","overlay-color":"","overlay-opacity":"","overlay-gradient":""},"tablet":{"background-color":"","background-image":"","background-repeat":"repeat","background-position":"center center","background-size":"auto","background-attachment":"scroll","background-type":"","background-media":"","overlay-type":"","overlay-color":"","overlay-opacity":"","overlay-gradient":""},"mobile":{"background-color":"","background-image":"","background-repeat":"repeat","background-position":"center center","background-size":"auto","background-attachment":"scroll","background-type":"","background-media":"","overlay-type":"","overlay-color":"","overlay-opacity":"","overlay-gradient":""}},"ast-content-background-meta":{"desktop":{"background-color":"var(--ast-global-color-5)","background-image":"","background-repeat":"repeat","background-position":"center center","background-size":"auto","background-attachment":"scroll","background-type":"","background-media":"","overlay-type":"","overlay-color":"","overlay-opacity":"","overlay-gradient":""},"tablet":{"background-color":"var(--ast-global-color-5)","background-image":"","background-repeat":"repeat","background-position":"center center","background-size":"auto","background-attachment":"scroll","background-type":"","background-media":"","overlay-type":"","overlay-color":"","overlay-opacity":"","overlay-gradient":""},"mobile":{"background-color":"var(--ast-global-color-5)","background-image":"","background-repeat":"repeat","background-position":"center center","background-size":"auto","background-attachment":"scroll","background-type":"","background-media":"","overlay-type":"","overlay-color":"","overlay-opacity":"","overlay-gradient":""}}},"product_brand":[57],"product_cat":[56],"product_tag":[],"class_list":{"0":"post-4576","1":"product","2":"type-product","3":"status-publish","4":"has-post-thumbnail","6":"product_brand-biovanix","7":"product_cat-silica-gel","8":"desktop-align-left","9":"tablet-align-left","10":"mobile-align-left","11":"ast-product-gallery-layout-horizontal-slider","12":"ast-product-gallery-with-no-image","13":"ast-product-tabs-layout-horizontal","15":"first","16":"instock","17":"taxable","18":"shipping-taxable","19":"product-type-simple"},"aioseo_notices":[],"uagb_featured_image_src":{"full":["https:\/\/biovanix.com\/wp-content\/uploads\/2025\/01\/3.jpg",500,500,false],"thumbnail":["https:\/\/biovanix.com\/wp-content\/uploads\/2025\/01\/3-150x150.jpg",150,150,true],"medium":["https:\/\/biovanix.com\/wp-content\/uploads\/2025\/01\/3-300x300.jpg",300,300,true],"medium_large":["https:\/\/biovanix.com\/wp-content\/uploads\/2025\/01\/3.jpg",500,500,false],"large":["https:\/\/biovanix.com\/wp-content\/uploads\/2025\/01\/3.jpg",500,500,false],"1536x1536":["https:\/\/biovanix.com\/wp-content\/uploads\/2025\/01\/3.jpg",500,500,false],"2048x2048":["https:\/\/biovanix.com\/wp-content\/uploads\/2025\/01\/3.jpg",500,500,false],"trp-custom-language-flag":["https:\/\/biovanix.com\/wp-content\/uploads\/2025\/01\/3.jpg",12,12,false],"woocommerce_thumbnail":["https:\/\/biovanix.com\/wp-content\/uploads\/2025\/01\/3-300x300.jpg",300,300,true],"woocommerce_single":["https:\/\/biovanix.com\/wp-content\/uploads\/2025\/01\/3.jpg",500,500,false],"woocommerce_gallery_thumbnail":["https:\/\/biovanix.com\/wp-content\/uploads\/2025\/01\/3-100x100.jpg",100,100,true]},"uagb_author_info":{"display_name":"biovanix.com","author_link":"https:\/\/biovanix.com\/de\/author\/"},"uagb_comment_info":0,"uagb_excerpt":"BioVanix C8 Silica-gel Packing Material BioVanix C8 silica-gel is based on high surface coverage C8 modified silica particles with exhaustive end-capping for minimal undesired silanol activity. They are most commonly used to separate analytes with low to high hydrophobicity. Silica Parameter Particle Size Pore Size Surface Area Carbon Content pH Range \u00a0 \u00a0 5\/10\/15\/20\/30\/50um 100\u00c5&hellip;","aioseo_head":"\n\t\t<!-- All in One SEO Pro 4.9.3 - aioseo.com -->\n\t<meta name=\"description\" content=\"BioVanix C8 silica-gel packing material is based on high surface coverage C8 modified silica particles with end-capping. Factory Supply. OEM is available.\" \/>\n\t<meta name=\"robots\" content=\"max-image-preview:large\" \/>\n\t<link rel=\"canonical\" href=\"https:\/\/biovanix.com\/de\/product\/c8-kieselgel-packungsmaterial\/\" \/>\n\t<meta name=\"generator\" content=\"All in One SEO Pro (AIOSEO) 4.9.3\" \/>\n\t\t<meta property=\"og:locale\" content=\"de_DE\" \/>\n\t\t<meta property=\"og:site_name\" content=\"BioVanix | Professional Instrument Supplier\" \/>\n\t\t<meta property=\"og:type\" content=\"article\" \/>\n\t\t<meta property=\"og:title\" content=\"C8 Silica-gel For Liquid Chromatography | BioVanix\" \/>\n\t\t<meta property=\"og:description\" content=\"BioVanix C8 silica-gel packing material is based on high surface coverage C8 modified silica particles with end-capping. Factory Supply. OEM is available.\" \/>\n\t\t<meta property=\"og:url\" content=\"https:\/\/biovanix.com\/de\/product\/c8-kieselgel-packungsmaterial\/\" \/>\n\t\t<meta property=\"og:image\" content=\"https:\/\/biovanix.com\/wp-content\/uploads\/2024\/01\/biovanix-logo-small.png\" \/>\n\t\t<meta property=\"og:image:secure_url\" content=\"https:\/\/biovanix.com\/wp-content\/uploads\/2024\/01\/biovanix-logo-small.png\" \/>\n\t\t<meta property=\"og:image:width\" content=\"300\" \/>\n\t\t<meta property=\"og:image:height\" content=\"240\" \/>\n\t\t<meta property=\"article:published_time\" content=\"2025-02-04T12:07:10+00:00\" \/>\n\t\t<meta property=\"article:modified_time\" content=\"2025-03-06T13:44:24+00:00\" \/>\n\t\t<meta property=\"article:publisher\" content=\"https:\/\/facebook.com\/BioVanix\" \/>\n\t\t<meta name=\"twitter:card\" content=\"summary_large_image\" \/>\n\t\t<meta name=\"twitter:site\" content=\"@BioVanix\" \/>\n\t\t<meta name=\"twitter:title\" content=\"C8 Silica-gel For Liquid Chromatography | BioVanix\" \/>\n\t\t<meta name=\"twitter:description\" content=\"BioVanix C8 silica-gel packing material is based on high surface coverage C8 modified silica particles with end-capping. Factory Supply. OEM is available.\" \/>\n\t\t<meta name=\"twitter:image\" content=\"https:\/\/biovanix.com\/wp-content\/uploads\/2024\/01\/biovanix-logo-small.png\" \/>\n\t\t<script type=\"application\/ld+json\" class=\"aioseo-schema\">\n\t\t\t{\"@context\":\"https:\\\/\\\/schema.org\",\"@graph\":[{\"@type\":\"BreadcrumbList\",\"@id\":\"https:\\\/\\\/biovanix.com\\\/de\\\/product\\\/c8-kieselgel-packungsmaterial\\\/#breadcrumblist\",\"itemListElement\":[{\"@type\":\"ListItem\",\"@id\":\"https:\\\/\\\/biovanix.com\\\/de#listItem\",\"position\":1,\"name\":\"Home\",\"item\":\"https:\\\/\\\/biovanix.com\\\/de\",\"nextItem\":{\"@type\":\"ListItem\",\"@id\":\"https:\\\/\\\/biovanix.com\\\/de\\\/shop\\\/#listItem\",\"name\":\"Shop\"}},{\"@type\":\"ListItem\",\"@id\":\"https:\\\/\\\/biovanix.com\\\/de\\\/shop\\\/#listItem\",\"position\":2,\"name\":\"Shop\",\"item\":\"https:\\\/\\\/biovanix.com\\\/de\\\/shop\\\/\",\"nextItem\":{\"@type\":\"ListItem\",\"@id\":\"https:\\\/\\\/biovanix.com\\\/de\\\/Marke\\\/biovanix\\\/#listItem\",\"name\":\"Biovanix\"},\"previousItem\":{\"@type\":\"ListItem\",\"@id\":\"https:\\\/\\\/biovanix.com\\\/de#listItem\",\"name\":\"Home\"}},{\"@type\":\"ListItem\",\"@id\":\"https:\\\/\\\/biovanix.com\\\/de\\\/Marke\\\/biovanix\\\/#listItem\",\"position\":3,\"name\":\"Biovanix\",\"item\":\"https:\\\/\\\/biovanix.com\\\/de\\\/Marke\\\/biovanix\\\/\",\"nextItem\":{\"@type\":\"ListItem\",\"@id\":\"https:\\\/\\\/biovanix.com\\\/de\\\/product\\\/c8-kieselgel-packungsmaterial\\\/#listItem\",\"name\":\"C8 Silica-gel Packing Material\"},\"previousItem\":{\"@type\":\"ListItem\",\"@id\":\"https:\\\/\\\/biovanix.com\\\/de\\\/shop\\\/#listItem\",\"name\":\"Shop\"}},{\"@type\":\"ListItem\",\"@id\":\"https:\\\/\\\/biovanix.com\\\/de\\\/product\\\/c8-kieselgel-packungsmaterial\\\/#listItem\",\"position\":4,\"name\":\"C8 Silica-gel Packing Material\",\"previousItem\":{\"@type\":\"ListItem\",\"@id\":\"https:\\\/\\\/biovanix.com\\\/de\\\/Marke\\\/biovanix\\\/#listItem\",\"name\":\"Biovanix\"}}]},{\"@type\":\"Organization\",\"@id\":\"https:\\\/\\\/biovanix.com\\\/de\\\/#organization\",\"name\":\"biovanix.com\",\"description\":\"Professional Instrument Supplier\",\"url\":\"https:\\\/\\\/biovanix.com\\\/de\\\/\",\"telephone\":\"+8618816200534\",\"logo\":{\"@type\":\"ImageObject\",\"url\":\"https:\\\/\\\/biovanix.com\\\/wp-content\\\/uploads\\\/2024\\\/01\\\/biovanix-logo-small.png\",\"@id\":\"https:\\\/\\\/biovanix.com\\\/de\\\/product\\\/c8-kieselgel-packungsmaterial\\\/#organizationLogo\",\"width\":300,\"height\":240,\"caption\":\"biovanix logo small\"},\"image\":{\"@id\":\"https:\\\/\\\/biovanix.com\\\/de\\\/product\\\/c8-kieselgel-packungsmaterial\\\/#organizationLogo\"},\"sameAs\":[\"https:\\\/\\\/facebook.com\\\/BioVanix\",\"https:\\\/\\\/x.com\\\/BioVanix\",\"https:\\\/\\\/instagram.com\\\/BioVanix\",\"https:\\\/\\\/tiktok.com\\\/@BioVanix\",\"https:\\\/\\\/pinterest.com\\\/BioVanix\",\"https:\\\/\\\/youtube.com\\\/BioVanix\",\"https:\\\/\\\/linkedin.com\\\/in\\\/BioVanix\"]},{\"@type\":\"Product\",\"@id\":\"https:\\\/\\\/biovanix.com\\\/de\\\/product\\\/c8-kieselgel-packungsmaterial\\\/#wooCommerceProduct\",\"name\":\"C8 Silica-gel Packing Material\",\"url\":\"https:\\\/\\\/biovanix.com\\\/de\\\/product\\\/c8-kieselgel-packungsmaterial\\\/\",\"brand\":{\"@type\":\"Brand\",\"name\":\"Biovanix\"},\"sku\":\"M1050510\",\"image\":{\"@type\":\"ImageObject\",\"url\":\"https:\\\/\\\/biovanix.com\\\/wp-content\\\/uploads\\\/2025\\\/01\\\/3.jpg\",\"@id\":\"https:\\\/\\\/biovanix.com\\\/de\\\/product\\\/c8-kieselgel-packungsmaterial\\\/#productImage\",\"width\":500,\"height\":500},\"offers\":{\"@type\":\"Offer\",\"url\":\"https:\\\/\\\/biovanix.com\\\/de\\\/product\\\/c8-kieselgel-packungsmaterial\\\/#wooCommerceOffer\",\"price\":0,\"priceCurrency\":\"USD\",\"category\":\"Silica-gel\",\"availability\":\"https:\\\/\\\/schema.org\\\/InStock\",\"seller\":{\"@type\":\"Organization\",\"@id\":\"https:\\\/\\\/biovanix.com\\\/de\\\/#organization\"}}},{\"@type\":\"WebPage\",\"@id\":\"https:\\\/\\\/biovanix.com\\\/de\\\/product\\\/c8-kieselgel-packungsmaterial\\\/#webpage\",\"url\":\"https:\\\/\\\/biovanix.com\\\/de\\\/product\\\/c8-kieselgel-packungsmaterial\\\/\",\"name\":\"C8 Silica-gel For Liquid Chromatography | BioVanix\",\"description\":\"BioVanix C8 silica-gel packing material is based on high surface coverage C8 modified silica particles with end-capping. Factory Supply. OEM is available.\",\"inLanguage\":\"de-DE-formal\",\"isPartOf\":{\"@id\":\"https:\\\/\\\/biovanix.com\\\/de\\\/#website\"},\"breadcrumb\":{\"@id\":\"https:\\\/\\\/biovanix.com\\\/de\\\/product\\\/c8-kieselgel-packungsmaterial\\\/#breadcrumblist\"},\"image\":{\"@type\":\"ImageObject\",\"url\":\"https:\\\/\\\/biovanix.com\\\/wp-content\\\/uploads\\\/2025\\\/01\\\/3.jpg\",\"@id\":\"https:\\\/\\\/biovanix.com\\\/de\\\/product\\\/c8-kieselgel-packungsmaterial\\\/#mainImage\",\"width\":500,\"height\":500},\"primaryImageOfPage\":{\"@id\":\"https:\\\/\\\/biovanix.com\\\/de\\\/product\\\/c8-kieselgel-packungsmaterial\\\/#mainImage\"},\"datePublished\":\"2025-02-04T12:07:10+08:00\",\"dateModified\":\"2025-03-06T13:44:24+08:00\"},{\"@type\":\"WebSite\",\"@id\":\"https:\\\/\\\/biovanix.com\\\/de\\\/#website\",\"url\":\"https:\\\/\\\/biovanix.com\\\/de\\\/\",\"name\":\"biovanix.com\",\"description\":\"Professional Instrument Supplier\",\"inLanguage\":\"de-DE-formal\",\"publisher\":{\"@id\":\"https:\\\/\\\/biovanix.com\\\/de\\\/#organization\"}}]}\n\t\t<\/script>\n\t\t<!-- All in One SEO Pro -->\r\n\t\t<title>C8 Silica-gel For Liquid Chromatography | BioVanix<\/title>\n\n","aioseo_head_json":{"title":"C8 Kieselgel f\u00fcr die Fl\u00fcssigkeitschromatographie | BioVanix","description":"BioVanix C8 Kiesels\u00e4ure-Gel-Packungsmaterial basiert auf modifizierten C8-Kiesels\u00e4urepartikeln mit hoher Oberfl\u00e4chenabdeckung und Endkappen. Werksbelieferung. OEM ist verf\u00fcgbar.","canonical_url":"https:\/\/biovanix.com\/de\/product\/c8-kieselgel-packungsmaterial\/","robots":"max-image-preview:large","keywords":"","webmasterTools":{"miscellaneous":""},"schema":{"@context":"https:\/\/schema.org","@graph":[{"@type":"BreadcrumbList","@id":"https:\/\/biovanix.com\/de\/product\/c8-kieselgel-packungsmaterial\/#breadcrumblist","itemListElement":[{"@type":"ListItem","@id":"https:\/\/biovanix.com\/de#listItem","position":1,"name":"Home","item":"https:\/\/biovanix.com\/de","nextItem":{"@type":"ListItem","@id":"https:\/\/biovanix.com\/de\/shop\/#listItem","name":"Shop"}},{"@type":"ListItem","@id":"https:\/\/biovanix.com\/de\/shop\/#listItem","position":2,"name":"Shop","item":"https:\/\/biovanix.com\/de\/shop\/","nextItem":{"@type":"ListItem","@id":"https:\/\/biovanix.com\/de\/Marke\/biovanix\/#listItem","name":"Biovanix"},"previousItem":{"@type":"ListItem","@id":"https:\/\/biovanix.com\/de#listItem","name":"Home"}},{"@type":"ListItem","@id":"https:\/\/biovanix.com\/de\/Marke\/biovanix\/#listItem","position":3,"name":"Biovanix","item":"https:\/\/biovanix.com\/de\/Marke\/biovanix\/","nextItem":{"@type":"ListItem","@id":"https:\/\/biovanix.com\/de\/product\/c8-kieselgel-packungsmaterial\/#listItem","name":"C8 Silica-gel Packing Material"},"previousItem":{"@type":"ListItem","@id":"https:\/\/biovanix.com\/de\/shop\/#listItem","name":"Shop"}},{"@type":"ListItem","@id":"https:\/\/biovanix.com\/de\/product\/c8-kieselgel-packungsmaterial\/#listItem","position":4,"name":"C8 Silica-gel Packing Material","previousItem":{"@type":"ListItem","@id":"https:\/\/biovanix.com\/de\/Marke\/biovanix\/#listItem","name":"Biovanix"}}]},{"@type":"Organization","@id":"https:\/\/biovanix.com\/de\/#organization","name":"biovanix.com","description":"Professional Instrument Supplier","url":"https:\/\/biovanix.com\/de\/","telephone":"+8618816200534","logo":{"@type":"ImageObject","url":"https:\/\/biovanix.com\/wp-content\/uploads\/2024\/01\/biovanix-logo-small.png","@id":"https:\/\/biovanix.com\/de\/product\/c8-kieselgel-packungsmaterial\/#organizationLogo","width":300,"height":240,"caption":"biovanix logo small"},"image":{"@id":"https:\/\/biovanix.com\/de\/product\/c8-kieselgel-packungsmaterial\/#organizationLogo"},"sameAs":["https:\/\/facebook.com\/BioVanix","https:\/\/x.com\/BioVanix","https:\/\/instagram.com\/BioVanix","https:\/\/tiktok.com\/@BioVanix","https:\/\/pinterest.com\/BioVanix","https:\/\/youtube.com\/BioVanix","https:\/\/linkedin.com\/in\/BioVanix"]},{"@type":"Product","@id":"https:\/\/biovanix.com\/de\/product\/c8-kieselgel-packungsmaterial\/#wooCommerceProduct","name":"C8 Silica-gel Packing Material","url":"https:\/\/biovanix.com\/de\/product\/c8-kieselgel-packungsmaterial\/","brand":{"@type":"Brand","name":"Biovanix"},"sku":"M1050510","image":{"@type":"ImageObject","url":"https:\/\/biovanix.com\/wp-content\/uploads\/2025\/01\/3.jpg","@id":"https:\/\/biovanix.com\/de\/product\/c8-kieselgel-packungsmaterial\/#productImage","width":500,"height":500},"offers":{"@type":"Offer","url":"https:\/\/biovanix.com\/de\/product\/c8-kieselgel-packungsmaterial\/#wooCommerceOffer","price":0,"priceCurrency":"USD","category":"Silica-gel","availability":"https:\/\/schema.org\/InStock","seller":{"@type":"Organization","@id":"https:\/\/biovanix.com\/de\/#organization"}}},{"@type":"WebPage","@id":"https:\/\/biovanix.com\/de\/product\/c8-kieselgel-packungsmaterial\/#webpage","url":"https:\/\/biovanix.com\/de\/product\/c8-kieselgel-packungsmaterial\/","name":"C8 Silica-gel For Liquid Chromatography | BioVanix","description":"BioVanix C8 silica-gel packing material is based on high surface coverage C8 modified silica particles with end-capping. Factory Supply. OEM is available.","inLanguage":"de-DE-formal","isPartOf":{"@id":"https:\/\/biovanix.com\/de\/#website"},"breadcrumb":{"@id":"https:\/\/biovanix.com\/de\/product\/c8-kieselgel-packungsmaterial\/#breadcrumblist"},"image":{"@type":"ImageObject","url":"https:\/\/biovanix.com\/wp-content\/uploads\/2025\/01\/3.jpg","@id":"https:\/\/biovanix.com\/de\/product\/c8-kieselgel-packungsmaterial\/#mainImage","width":500,"height":500},"primaryImageOfPage":{"@id":"https:\/\/biovanix.com\/de\/product\/c8-kieselgel-packungsmaterial\/#mainImage"},"datePublished":"2025-02-04T12:07:10+08:00","dateModified":"2025-03-06T13:44:24+08:00"},{"@type":"WebSite","@id":"https:\/\/biovanix.com\/de\/#website","url":"https:\/\/biovanix.com\/de\/","name":"biovanix.com","description":"Professional Instrument Supplier","inLanguage":"de-DE-formal","publisher":{"@id":"https:\/\/biovanix.com\/de\/#organization"}}]},"og:locale":"de_DE","og:site_name":"BioVanix | Professional Instrument Supplier","og:type":"article","og:title":"C8 Silica-gel For Liquid Chromatography | BioVanix","og:description":"BioVanix C8 silica-gel packing material is based on high surface coverage C8 modified silica particles with end-capping. Factory Supply. OEM is available.","og:url":"https:\/\/biovanix.com\/de\/product\/c8-kieselgel-packungsmaterial\/","og:image":"https:\/\/biovanix.com\/wp-content\/uploads\/2024\/01\/biovanix-logo-small.png","og:image:secure_url":"https:\/\/biovanix.com\/wp-content\/uploads\/2024\/01\/biovanix-logo-small.png","og:image:width":300,"og:image:height":240,"article:published_time":"2025-02-04T12:07:10+00:00","article:modified_time":"2025-03-06T13:44:24+00:00","article:publisher":"https:\/\/facebook.com\/BioVanix","twitter:card":"summary_large_image","twitter:site":"@BioVanix","twitter:title":"C8 Silica-gel For Liquid Chromatography | BioVanix","twitter:description":"BioVanix C8 silica-gel packing material is based on high surface coverage C8 modified silica particles with end-capping. Factory Supply. OEM is available.","twitter:image":"https:\/\/biovanix.com\/wp-content\/uploads\/2024\/01\/biovanix-logo-small.png"},"aioseo_meta_data":{"post_id":"4576","title":"C8 Kieselgel f\u00fcr die Fl\u00fcssigkeitschromatographie | BioVanix","description":"BioVanix C8 Kiesels\u00e4ure-Gel-Packungsmaterial basiert auf modifizierten C8-Kiesels\u00e4urepartikeln mit hoher Oberfl\u00e4chenabdeckung und Endkappen. Werksbelieferung. OEM ist verf\u00fcgbar.","keywords":null,"keyphrases":{"focus":{"keyphrase":"C8","score":68,"analysis":{"keyphraseInTitle":{"score":9,"maxScore":9,"error":0},"keyphraseInDescription":{"score":9,"maxScore":9,"error":0},"keyphraseLength":{"score":9,"maxScore":9,"error":0,"length":1},"keyphraseInURL":{"score":1,"maxScore":5,"error":1},"keyphraseInIntroduction":{"score":9,"maxScore":9,"error":0},"keyphraseInSubHeadings":{"score":3,"maxScore":9,"error":1},"keyphraseInImageAlt":[],"keywordDensity":{"type":"high","score":0,"maxScore":9,"error":1}}},"additional":[{"keyphrase":"silica-gel","score":75,"analysis":{"keyphraseInDescription":{"score":9,"maxScore":9,"error":0},"keyphraseLength":{"score":9,"maxScore":9,"error":0,"length":1},"keyphraseInIntroduction":{"score":9,"maxScore":9,"error":0},"keyphraseInImageAlt":[],"keywordDensity":{"type":"high","score":0,"maxScore":9,"error":1}}}]},"primary_term":null,"canonical_url":null,"og_title":null,"og_description":null,"og_object_type":"default","og_image_type":"default","og_image_url":null,"og_image_width":null,"og_image_height":null,"og_image_custom_url":null,"og_image_custom_fields":null,"og_video":"","og_custom_url":null,"og_article_section":null,"og_article_tags":null,"twitter_use_og":false,"twitter_card":"default","twitter_image_type":"default","twitter_image_url":null,"twitter_image_custom_url":null,"twitter_image_custom_fields":null,"twitter_title":null,"twitter_description":null,"schema":{"blockGraphs":[],"customGraphs":[],"default":{"data":{"Article":[],"Course":[],"Dataset":[],"FAQPage":[],"Movie":[],"Person":[],"Product":[],"ProductReview":[],"Car":[],"Recipe":[],"Service":[],"SoftwareApplication":[],"WebPage":[]},"graphName":"Product","isEnabled":true},"graphs":[]},"schema_type":"default","schema_type_options":null,"pillar_content":false,"robots_default":true,"robots_noindex":false,"robots_noarchive":false,"robots_nosnippet":false,"robots_nofollow":false,"robots_noimageindex":false,"robots_noodp":false,"robots_notranslate":false,"robots_max_snippet":"-1","robots_max_videopreview":"-1","robots_max_imagepreview":"large","priority":null,"frequency":"default","local_seo":null,"seo_analyzer_scan_date":"2025-10-13 04:50:42","breadcrumb_settings":null,"limit_modified_date":false,"reviewed_by":null,"open_ai":"{\"title\":{\"suggestions\":[],\"usage\":0},\"description\":{\"suggestions\":[],\"usage\":0}}","ai":null,"created":"2025-02-04 12:07:10","updated":"2025-10-13 04:50:42"},"aioseo_breadcrumb":"<div class=\"aioseo-breadcrumbs\"><span class=\"aioseo-breadcrumb\">\n\t<a href=\"https:\/\/biovanix.com\/de\" title=\"Home\">Home<\/a>\n<\/span><span class=\"aioseo-breadcrumb-separator\">&raquo;<\/span><span class=\"aioseo-breadcrumb\">\n\t<a href=\"https:\/\/biovanix.com\/de\/shop\/\" title=\"Shop\">Shop<\/a>\n<\/span><span class=\"aioseo-breadcrumb-separator\">&raquo;<\/span><span class=\"aioseo-breadcrumb\">\n\t<a href=\"https:\/\/biovanix.com\/de\/Marke\/biovanix\/\" title=\"Biovanix\">Biovanix<\/a>\n<\/span><span class=\"aioseo-breadcrumb-separator\">&raquo;<\/span><span class=\"aioseo-breadcrumb\">\n\tC8 Silica-gel Packing Material\n<\/span><\/div>","aioseo_breadcrumb_json":[{"label":"Home","link":"https:\/\/biovanix.com\/de"},{"label":"Shop","link":"https:\/\/biovanix.com\/de\/shop\/"},{"label":"Biovanix","link":"https:\/\/biovanix.com\/de\/Marke\/biovanix\/"},{"label":"C8 Silica-gel Packing Material","link":"https:\/\/biovanix.com\/de\/product\/c8-kieselgel-packungsmaterial\/"}],"jetpack_sharing_enabled":true,"_links":{"self":[{"href":"https:\/\/biovanix.com\/de\/wp-json\/wp\/v2\/product\/4576","targetHints":{"allow":["GET"]}}],"collection":[{"href":"https:\/\/biovanix.com\/de\/wp-json\/wp\/v2\/product"}],"about":[{"href":"https:\/\/biovanix.com\/de\/wp-json\/wp\/v2\/types\/product"}],"version-history":[{"count":1,"href":"https:\/\/biovanix.com\/de\/wp-json\/wp\/v2\/product\/4576\/revisions"}],"predecessor-version":[{"id":4577,"href":"https:\/\/biovanix.com\/de\/wp-json\/wp\/v2\/product\/4576\/revisions\/4577"}],"wp:featuredmedia":[{"embeddable":true,"href":"https:\/\/biovanix.com\/de\/wp-json\/wp\/v2\/media\/3669"}],"wp:attachment":[{"href":"https:\/\/biovanix.com\/de\/wp-json\/wp\/v2\/media?parent=4576"}],"wp:term":[{"taxonomy":"product_brand","embeddable":true,"href":"https:\/\/biovanix.com\/de\/wp-json\/wp\/v2\/product_brand?post=4576"},{"taxonomy":"product_cat","embeddable":true,"href":"https:\/\/biovanix.com\/de\/wp-json\/wp\/v2\/product_cat?post=4576"},{"taxonomy":"product_tag","embeddable":true,"href":"https:\/\/biovanix.com\/de\/wp-json\/wp\/v2\/product_tag?post=4576"}],"curies":[{"name":"wp","href":"https:\/\/api.w.org\/{rel}","templated":true}]}}