{"id":1506,"date":"2024-01-24T01:37:28","date_gmt":"2024-01-24T01:37:28","guid":{"rendered":"https:\/\/biovanix.com\/?page_id=1506"},"modified":"2024-09-21T06:55:39","modified_gmt":"2024-09-21T06:55:39","slug":"c4-columna-hplc","status":"publish","type":"page","link":"https:\/\/biovanix.com\/es\/c4-columna-hplc\/","title":{"rendered":"C4 HPLC Columna de s\u00edlice-gel empaquetada | BioVanix Technology"},"content":{"rendered":"<div data-elementor-type=\"wp-page\" data-elementor-id=\"1506\" class=\"elementor elementor-1506\" data-elementor-post-type=\"page\">\n\t\t\t\t<div class=\"elementor-element elementor-element-3988e22c e-flex e-con-boxed e-con e-parent\" data-id=\"3988e22c\" data-element_type=\"container\">\n\t\t\t\t\t<div class=\"e-con-inner\">\n\t\t\t\t<div class=\"elementor-element elementor-element-4d1a025 elementor-widget elementor-widget-text-editor\" data-id=\"4d1a025\" data-element_type=\"widget\" data-widget_type=\"text-editor.default\">\n\t\t\t\t<div class=\"elementor-widget-container\">\n\t\t\t\t\t\t\t\t\t<h1><span style=\"color: #33615a;\">Columna C4<\/span><\/h1>\n<p>La columna BioVanix C4 es una empaquetadura de cromatograf\u00eda ultrapura a base de gel de s\u00edlice con silano but\u00edlico como fase de uni\u00f3n. El relleno est\u00e1 tratado con tecnolog\u00eda de sellado total, y la apertura es de 120A y 300A. La columna BioVanix C4 es ideal para separar prote\u00ednas y muestras espec\u00edficas, como la eritropoyetina, debido a su corta cadena de carbono y su bajo contenido en carbono, lo que se traduce en un tiempo de retenci\u00f3n m\u00e1s corto que el de las columnas C18 y C8.<\/p>\n<p><strong>Caracter\u00edsticas principales<\/strong><\/p>\n<ul>\n<li>Muy adecuado para el an\u00e1lisis de compuestos de hidrofobia intermedia a alta<\/li>\n<li>Excelente forma del pico cromatogr\u00e1fico para analitos \u00e1cidos, b\u00e1sicos y neutros<\/li>\n<li>Buena compatibilidad acuosa<\/li>\n<li>Buena consistencia de los lotes<\/li>\n<\/ul>\t\t\t\t\t\t\t\t<\/div>\n\t\t\t\t<\/div>\n\t\t\t\t\t<\/div>\n\t\t\t\t<\/div>\n\t\t<div class=\"elementor-element elementor-element-46014b54 e-flex e-con-boxed e-con e-parent\" data-id=\"46014b54\" data-element_type=\"container\">\n\t\t\t\t\t<div class=\"e-con-inner\">\n\t\t\t\t<div class=\"elementor-element elementor-element-361dddd9 elementor-widget elementor-widget-text-editor\" data-id=\"361dddd9\" data-element_type=\"widget\" data-widget_type=\"text-editor.default\">\n\t\t\t\t<div class=\"elementor-widget-container\">\n\t\t\t\t\t\t\t\t\t<h2>Columna HPLC preenvasada C4<\/h2>\t\t\t\t\t\t\t\t<\/div>\n\t\t\t\t<\/div>\n\t\t\t\t\t<\/div>\n\t\t\t\t<\/div>\n\t\t<div class=\"elementor-element elementor-element-54fc08da e-flex e-con-boxed e-con e-parent\" data-id=\"54fc08da\" data-element_type=\"container\">\n\t\t\t\t\t<div class=\"e-con-inner\">\n\t\t<div class=\"elementor-element elementor-element-25a7fd38 e-con-full e-flex e-con e-child\" data-id=\"25a7fd38\" data-element_type=\"container\">\n\t\t\t\t<div class=\"elementor-element elementor-element-576ac85e elementor-widget elementor-widget-image\" data-id=\"576ac85e\" data-element_type=\"widget\" data-widget_type=\"image.default\">\n\t\t\t\t<div class=\"elementor-widget-container\">\n\t\t\t\t\t\t\t\t\t\t\t\t\t\t\t\t<a href=\"https:\/\/biovanix.com\/es\/product\/c18-hplc-column\/\">\n\t\t\t\t\t\t\t<img fetchpriority=\"high\" decoding=\"async\" width=\"300\" height=\"300\" src=\"https:\/\/biovanix.com\/wp-content\/uploads\/2024\/01\/Biovanix-HPLC-Column-1.jpg\" class=\"attachment-medium size-medium wp-image-1486\" alt=\"Columna HPLC Biovanix\" \/>\t\t\t\t\t\t\t\t<\/a>\n\t\t\t\t\t\t\t\t\t\t\t\t\t\t\t<\/div>\n\t\t\t\t<\/div>\n\t\t\t\t<div class=\"elementor-element elementor-element-51206e5d elementor-widget elementor-widget-text-editor\" data-id=\"51206e5d\" data-element_type=\"widget\" data-widget_type=\"text-editor.default\">\n\t\t\t\t<div class=\"elementor-widget-container\">\n\t\t\t\t\t\t\t\t\t<h4><a title=\"Columna BV C4-300\" href=\"https:\/\/biovanix.com\/es\/product\/c4-300-hplc-column\/\" target=\"_self\" rel=\"noopener\">Columna BV C4-300<\/a><\/h4>\t\t\t\t\t\t\t\t<\/div>\n\t\t\t\t<\/div>\n\t\t\t\t<\/div>\n\t\t\t\t\t<\/div>\n\t\t\t\t<\/div>\n\t\t<div class=\"elementor-element elementor-element-1e5205f8 e-flex e-con-boxed e-con e-parent\" data-id=\"1e5205f8\" data-element_type=\"container\">\n\t\t\t\t\t<div class=\"e-con-inner\">\n\t\t\t\t<div class=\"elementor-element elementor-element-a129f47 elementor-widget elementor-widget-text-editor\" data-id=\"a129f47\" data-element_type=\"widget\" data-widget_type=\"text-editor.default\">\n\t\t\t\t<div class=\"elementor-widget-container\">\n\t\t\t\t\t\t\t\t\t<h2>C4 Selecci\u00f3n de columna HPLC de gel de s\u00edlice<\/h2>\n<table width=\"100%\">\n<tbody>\n<tr>\n<td width=\"38%\"><strong>Producto<\/strong><\/td>\n<td colspan=\"2\" width=\"60%\"><strong>BV C4-300<\/strong><\/td>\n<\/tr>\n<tr>\n<td width=\"38%\">Grupo funcional<\/td>\n<td colspan=\"2\" width=\"60%\">Butilo<\/td>\n<\/tr>\n<tr>\n<td width=\"38%\">Sustrato<\/td>\n<td colspan=\"2\" width=\"60%\">Part\u00edculas esf\u00e9ricas porosas de s\u00edlice<\/td>\n<\/tr>\n<tr>\n<td width=\"38%\">Tama\u00f1o de las part\u00edculas<\/td>\n<td width=\"35%\">5\u03bcm<\/td>\n<td width=\"24%\">10\u03bcm<\/td>\n<\/tr>\n<tr>\n<td width=\"38%\">Tama\u00f1o de poro<\/td>\n<td colspan=\"2\" width=\"60%\">300\u00c5<\/td>\n<\/tr>\n<tr>\n<td width=\"38%\">Superficie<\/td>\n<td colspan=\"2\" width=\"60%\">100m<sup>2<\/sup>\/g<\/td>\n<\/tr>\n<tr>\n<td width=\"38%\">Contenido de carbono<\/td>\n<td colspan=\"2\" width=\"60%\">3%<\/td>\n<\/tr>\n<tr>\n<td width=\"38%\">Tap\u00f3n terminal<\/td>\n<td colspan=\"2\" width=\"60%\">S\u00ed<\/td>\n<\/tr>\n<tr>\n<td width=\"38%\">L\u00edmite de presi\u00f3n<\/td>\n<td colspan=\"2\" width=\"60%\">4000 psi para 10um<br \/>5000 psi para 5\u03bcm<\/td>\n<\/tr>\n<tr>\n<td width=\"38%\">L\u00edmite de temperatura<\/td>\n<td colspan=\"2\" width=\"60%\">60\u2103<\/td>\n<\/tr>\n<tr>\n<td width=\"38%\">Rango de pH<\/td>\n<td colspan=\"2\" width=\"60%\">2-8<\/td>\n<\/tr>\n<tr>\n<td width=\"38%\">L\u00edmite Intervalo de pH<\/td>\n<td colspan=\"2\" width=\"60%\">2-10<\/td>\n<\/tr>\n<tr>\n<td width=\"38%\">Compatibilidad acuosa<\/td>\n<td colspan=\"2\" width=\"60%\">95% acuoso<\/td>\n<\/tr>\n<\/tbody>\n<\/table>\n<h3 style=\"text-align: center;\"><br \/><br \/><\/h3>\t\t\t\t\t\t\t\t<\/div>\n\t\t\t\t<\/div>\n\t\t\t\t\t<\/div>\n\t\t\t\t<\/div>\n\t\t<div class=\"elementor-element elementor-element-48493ed1 e-flex e-con-boxed e-con e-parent\" data-id=\"48493ed1\" data-element_type=\"container\" data-settings=\"{&quot;background_background&quot;:&quot;classic&quot;}\">\n\t\t\t\t\t<div class=\"e-con-inner\">\n\t\t<div class=\"elementor-element elementor-element-4aab0444 e-con-full e-flex e-con e-child\" data-id=\"4aab0444\" data-element_type=\"container\">\n\t\t\t\t<div class=\"elementor-element elementor-element-20e71f89 elementor-widget elementor-widget-text-editor\" data-id=\"20e71f89\" data-element_type=\"widget\" data-widget_type=\"text-editor.default\">\n\t\t\t\t<div class=\"elementor-widget-container\">\n\t\t\t\t\t\t\t\t\t<h3><span style=\"color: #ffffff;\">\u00bfNo encuentra el producto que necesita? P\u00f3ngase en contacto con nosotros directamente.<\/span><\/h3>\t\t\t\t\t\t\t\t<\/div>\n\t\t\t\t<\/div>\n\t\t\t\t<\/div>\n\t\t<div class=\"elementor-element elementor-element-65bf0b1a e-con-full e-flex e-con e-child\" data-id=\"65bf0b1a\" data-element_type=\"container\">\n\t\t\t\t<div class=\"elementor-element elementor-element-3bc0bfd5 elementor-align-center elementor-widget elementor-widget-button\" data-id=\"3bc0bfd5\" data-element_type=\"widget\" data-widget_type=\"button.default\">\n\t\t\t\t<div class=\"elementor-widget-container\">\n\t\t\t\t\t\t\t\t\t<div class=\"elementor-button-wrapper\">\n\t\t\t\t\t<a class=\"elementor-button elementor-size-sm\" role=\"button\">\n\t\t\t\t\t\t<span class=\"elementor-button-content-wrapper\">\n\t\t\t\t\t\t<span class=\"elementor-button-icon\">\n\t\t\t\t<svg aria-hidden=\"true\" class=\"e-font-icon-svg e-far-comment\" viewbox=\"0 0 512 512\" xmlns=\"http:\/\/www.w3.org\/2000\/svg\"><path d=\"M256 32C114.6 32 0 125.1 0 240c0 47.6 19.9 91.2 52.9 126.3C38 405.7 7 439.1 6.5 439.5c-6.6 7-8.4 17.2-4.6 26S14.4 480 24 480c61.5 0 110-25.7 139.1-46.3C192 442.8 223.2 448 256 448c141.4 0 256-93.1 256-208S397.4 32 256 32zm0 368c-26.7 0-53.1-4.1-78.4-12.1l-22.7-7.2-19.5 13.8c-14.3 10.1-33.9 21.4-57.5 29 7.3-12.1 14.4-25.7 19.9-40.2l10.6-28.1-20.6-21.8C69.7 314.1 48 282.2 48 240c0-88.2 93.3-160 208-160s208 71.8 208 160-93.3 160-208 160z\"><\/path><\/svg>\t\t\t<\/span>\n\t\t\t\t\t\t\t\t\t<span class=\"elementor-button-text\">P\u00f3ngase en contacto con nosotros<\/span>\n\t\t\t\t\t<\/span>\n\t\t\t\t\t<\/a>\n\t\t\t\t<\/div>\n\t\t\t\t\t\t\t\t<\/div>\n\t\t\t\t<\/div>\n\t\t\t\t<\/div>\n\t\t\t\t\t<\/div>\n\t\t\t\t<\/div>\n\t\t\t\t<\/div>","protected":false},"excerpt":{"rendered":"<p>C4 Column BioVanix C4 column is an ultra-pure silica gel-based chromatography packing with butyl silane as a bonding phase. The filler is treated with full sealing technology, and the aperture is 120A and 300A. BioVanix C4 column is ideal for separating proteins and specific samples, such as erythropoietin, due to its short carbon chain and [&hellip;]<\/p>","protected":false},"author":1,"featured_media":0,"parent":0,"menu_order":0,"comment_status":"closed","ping_status":"closed","template":"","meta":{"om_disable_all_campaigns":false,"_uag_custom_page_level_css":"","_monsterinsights_skip_tracking":false,"_monsterinsights_sitenote_active":false,"_monsterinsights_sitenote_note":"","_monsterinsights_sitenote_category":0,"_uf_show_specific_survey":0,"_uf_disable_surveys":false,"site-sidebar-layout":"default","site-content-layout":"","ast-site-content-layout":"full-width-container","site-content-style":"default","site-sidebar-style":"default","ast-global-header-display":"","ast-banner-title-visibility":"","ast-main-header-display":"","ast-hfb-above-header-display":"","ast-hfb-below-header-display":"","ast-hfb-mobile-header-display":"","site-post-title":"disabled","ast-breadcrumbs-content":"","ast-featured-img":"","footer-sml-layout":"","theme-transparent-header-meta":"","adv-header-id-meta":"","stick-header-meta":"","header-above-stick-meta":"","header-main-stick-meta":"","header-below-stick-meta":"","astra-migrate-meta-layouts":"set","ast-page-background-enabled":"default","ast-page-background-meta":{"desktop":{"background-color":"var(--ast-global-color-4)","background-image":"","background-repeat":"repeat","background-position":"center center","background-size":"auto","background-attachment":"scroll","background-type":"","background-media":"","overlay-type":"","overlay-color":"","overlay-opacity":"","overlay-gradient":""},"tablet":{"background-color":"","background-image":"","background-repeat":"repeat","background-position":"center center","background-size":"auto","background-attachment":"scroll","background-type":"","background-media":"","overlay-type":"","overlay-color":"","overlay-opacity":"","overlay-gradient":""},"mobile":{"background-color":"","background-image":"","background-repeat":"repeat","background-position":"center center","background-size":"auto","background-attachment":"scroll","background-type":"","background-media":"","overlay-type":"","overlay-color":"","overlay-opacity":"","overlay-gradient":""}},"ast-content-background-meta":{"desktop":{"background-color":"var(--ast-global-color-5)","background-image":"","background-repeat":"repeat","background-position":"center center","background-size":"auto","background-attachment":"scroll","background-type":"","background-media":"","overlay-type":"","overlay-color":"","overlay-opacity":"","overlay-gradient":""},"tablet":{"background-color":"var(--ast-global-color-5)","background-image":"","background-repeat":"repeat","background-position":"center center","background-size":"auto","background-attachment":"scroll","background-type":"","background-media":"","overlay-type":"","overlay-color":"","overlay-opacity":"","overlay-gradient":""},"mobile":{"background-color":"var(--ast-global-color-5)","background-image":"","background-repeat":"repeat","background-position":"center center","background-size":"auto","background-attachment":"scroll","background-type":"","background-media":"","overlay-type":"","overlay-color":"","overlay-opacity":"","overlay-gradient":""}},"footnotes":""},"class_list":["post-1506","page","type-page","status-publish","hentry"],"aioseo_notices":[],"uagb_featured_image_src":{"full":false,"thumbnail":false,"medium":false,"medium_large":false,"large":false,"1536x1536":false,"2048x2048":false,"trp-custom-language-flag":false,"woocommerce_thumbnail":false,"woocommerce_single":false,"woocommerce_gallery_thumbnail":false},"uagb_author_info":{"display_name":"biovanix.com","author_link":"https:\/\/biovanix.com\/es\/author\/biovanix-com\/"},"uagb_comment_info":0,"uagb_excerpt":"C4 Column BioVanix C4 column is an ultra-pure silica gel-based chromatography packing with butyl silane as a bonding phase. The filler is treated with full sealing technology, and the aperture is 120A and 300A. BioVanix C4 column is ideal for separating proteins and specific samples, such as erythropoietin, due to its short carbon chain and&hellip;","aioseo_head":"\n\t\t<!-- All in One SEO Pro 4.9.3 - aioseo.com -->\n\t<meta name=\"description\" content=\"BioVanix C4 HPLC packed column is ultra-pure silica gel with butyl silane, 5um and 10um, 120A and 300A. High quality, excellent cost performance. Factory outlet\" \/>\n\t<meta name=\"robots\" content=\"max-image-preview:large\" \/>\n\t<link rel=\"canonical\" href=\"https:\/\/biovanix.com\/es\/c4-columna-hplc\/\" \/>\n\t<meta name=\"generator\" content=\"All in One SEO Pro (AIOSEO) 4.9.3\" \/>\n\t\t<meta property=\"og:locale\" content=\"es_ES\" \/>\n\t\t<meta property=\"og:site_name\" content=\"BioVanix | Professional Instrument Supplier\" \/>\n\t\t<meta property=\"og:type\" content=\"article\" \/>\n\t\t<meta property=\"og:title\" content=\"C4 HPLC Packed Silica-gel Column | BioVanix Technology\" \/>\n\t\t<meta property=\"og:description\" content=\"BioVanix C4 HPLC packed column is ultra-pure silica gel with butyl silane, 5um and 10um, 120A and 300A. High quality, excellent cost performance. Factory outlet\" \/>\n\t\t<meta property=\"og:url\" content=\"https:\/\/biovanix.com\/es\/c4-columna-hplc\/\" \/>\n\t\t<meta property=\"og:image\" content=\"https:\/\/biovanix.com\/wp-content\/uploads\/2024\/01\/biovanix-logo-small.png\" \/>\n\t\t<meta property=\"og:image:secure_url\" content=\"https:\/\/biovanix.com\/wp-content\/uploads\/2024\/01\/biovanix-logo-small.png\" \/>\n\t\t<meta property=\"og:image:width\" content=\"300\" \/>\n\t\t<meta property=\"og:image:height\" content=\"240\" \/>\n\t\t<meta property=\"article:published_time\" content=\"2024-01-24T01:37:28+00:00\" \/>\n\t\t<meta property=\"article:modified_time\" content=\"2024-09-21T06:55:39+00:00\" \/>\n\t\t<meta property=\"article:publisher\" content=\"https:\/\/facebook.com\/BioVanix\" \/>\n\t\t<meta name=\"twitter:card\" content=\"summary_large_image\" \/>\n\t\t<meta name=\"twitter:site\" content=\"@BioVanix\" \/>\n\t\t<meta name=\"twitter:title\" content=\"C4 HPLC Packed Silica-gel Column | BioVanix Technology\" \/>\n\t\t<meta name=\"twitter:description\" content=\"BioVanix C4 HPLC packed column is ultra-pure silica gel with butyl silane, 5um and 10um, 120A and 300A. High quality, excellent cost performance. Factory outlet\" \/>\n\t\t<meta name=\"twitter:creator\" content=\"@BioVanix\" \/>\n\t\t<meta name=\"twitter:image\" content=\"https:\/\/biovanix.com\/wp-content\/uploads\/2024\/01\/biovanix-logo-small.png\" \/>\n\t\t<script type=\"application\/ld+json\" class=\"aioseo-schema\">\n\t\t\t{\"@context\":\"https:\\\/\\\/schema.org\",\"@graph\":[{\"@type\":\"BreadcrumbList\",\"@id\":\"https:\\\/\\\/biovanix.com\\\/es\\\/c4-columna-hplc\\\/#breadcrumblist\",\"itemListElement\":[{\"@type\":\"ListItem\",\"@id\":\"https:\\\/\\\/biovanix.com\\\/es#listItem\",\"position\":1,\"name\":\"Home\",\"item\":\"https:\\\/\\\/biovanix.com\\\/es\",\"nextItem\":{\"@type\":\"ListItem\",\"@id\":\"https:\\\/\\\/biovanix.com\\\/es\\\/c4-columna-hplc\\\/#listItem\",\"name\":\"C4 HPLC Packed Silica-gel Column | BioVanix Technology\"}},{\"@type\":\"ListItem\",\"@id\":\"https:\\\/\\\/biovanix.com\\\/es\\\/c4-columna-hplc\\\/#listItem\",\"position\":2,\"name\":\"C4 HPLC Packed Silica-gel Column | BioVanix Technology\",\"previousItem\":{\"@type\":\"ListItem\",\"@id\":\"https:\\\/\\\/biovanix.com\\\/es#listItem\",\"name\":\"Home\"}}]},{\"@type\":\"Organization\",\"@id\":\"https:\\\/\\\/biovanix.com\\\/es\\\/#organization\",\"name\":\"biovanix.com\",\"description\":\"Professional Instrument Supplier\",\"url\":\"https:\\\/\\\/biovanix.com\\\/es\\\/\",\"telephone\":\"+8618816200534\",\"logo\":{\"@type\":\"ImageObject\",\"url\":\"https:\\\/\\\/biovanix.com\\\/wp-content\\\/uploads\\\/2024\\\/01\\\/biovanix-logo-small.png\",\"@id\":\"https:\\\/\\\/biovanix.com\\\/es\\\/c4-columna-hplc\\\/#organizationLogo\",\"width\":300,\"height\":240,\"caption\":\"biovanix logo small\"},\"image\":{\"@id\":\"https:\\\/\\\/biovanix.com\\\/es\\\/c4-columna-hplc\\\/#organizationLogo\"},\"sameAs\":[\"https:\\\/\\\/facebook.com\\\/BioVanix\",\"https:\\\/\\\/x.com\\\/BioVanix\",\"https:\\\/\\\/instagram.com\\\/BioVanix\",\"https:\\\/\\\/tiktok.com\\\/@BioVanix\",\"https:\\\/\\\/pinterest.com\\\/BioVanix\",\"https:\\\/\\\/youtube.com\\\/BioVanix\",\"https:\\\/\\\/linkedin.com\\\/in\\\/BioVanix\"]},{\"@type\":\"WebPage\",\"@id\":\"https:\\\/\\\/biovanix.com\\\/es\\\/c4-columna-hplc\\\/#webpage\",\"url\":\"https:\\\/\\\/biovanix.com\\\/es\\\/c4-columna-hplc\\\/\",\"name\":\"C4 HPLC Packed Silica-gel Column | BioVanix Technology\",\"description\":\"BioVanix C4 HPLC packed column is ultra-pure silica gel with butyl silane, 5um and 10um, 120A and 300A. High quality, excellent cost performance. Factory outlet\",\"inLanguage\":\"es-AR\",\"isPartOf\":{\"@id\":\"https:\\\/\\\/biovanix.com\\\/es\\\/#website\"},\"breadcrumb\":{\"@id\":\"https:\\\/\\\/biovanix.com\\\/es\\\/c4-columna-hplc\\\/#breadcrumblist\"},\"datePublished\":\"2024-01-24T01:37:28+08:00\",\"dateModified\":\"2024-09-21T06:55:39+08:00\"},{\"@type\":\"WebSite\",\"@id\":\"https:\\\/\\\/biovanix.com\\\/es\\\/#website\",\"url\":\"https:\\\/\\\/biovanix.com\\\/es\\\/\",\"name\":\"biovanix.com\",\"description\":\"Professional Instrument Supplier\",\"inLanguage\":\"es-AR\",\"publisher\":{\"@id\":\"https:\\\/\\\/biovanix.com\\\/es\\\/#organization\"}}]}\n\t\t<\/script>\n\t\t<!-- All in One SEO Pro -->\r\n\t\t<title>C4 HPLC Packed Silica-gel Column | BioVanix Technology<\/title>\n\n","aioseo_head_json":{"title":"C4 HPLC Columna de s\u00edlice-gel empaquetada | BioVanix Technology","description":"La columna para HPLC BioVanix C4 es de gel de s\u00edlice ultrapuro con silano but\u00edlico, 5um y 10um, 120A y 300A. Alta calidad, excelente rendimiento de costes. Salida de f\u00e1brica","canonical_url":"https:\/\/biovanix.com\/es\/c4-columna-hplc\/","robots":"max-image-preview:large","keywords":"","webmasterTools":{"miscellaneous":""},"schema":{"@context":"https:\/\/schema.org","@graph":[{"@type":"BreadcrumbList","@id":"https:\/\/biovanix.com\/es\/c4-columna-hplc\/#breadcrumblist","itemListElement":[{"@type":"ListItem","@id":"https:\/\/biovanix.com\/es#listItem","position":1,"name":"Home","item":"https:\/\/biovanix.com\/es","nextItem":{"@type":"ListItem","@id":"https:\/\/biovanix.com\/es\/c4-columna-hplc\/#listItem","name":"C4 HPLC Packed Silica-gel Column | BioVanix Technology"}},{"@type":"ListItem","@id":"https:\/\/biovanix.com\/es\/c4-columna-hplc\/#listItem","position":2,"name":"C4 HPLC Packed Silica-gel Column | BioVanix Technology","previousItem":{"@type":"ListItem","@id":"https:\/\/biovanix.com\/es#listItem","name":"Home"}}]},{"@type":"Organization","@id":"https:\/\/biovanix.com\/es\/#organization","name":"biovanix.com","description":"Professional Instrument Supplier","url":"https:\/\/biovanix.com\/es\/","telephone":"+8618816200534","logo":{"@type":"ImageObject","url":"https:\/\/biovanix.com\/wp-content\/uploads\/2024\/01\/biovanix-logo-small.png","@id":"https:\/\/biovanix.com\/es\/c4-columna-hplc\/#organizationLogo","width":300,"height":240,"caption":"biovanix logo small"},"image":{"@id":"https:\/\/biovanix.com\/es\/c4-columna-hplc\/#organizationLogo"},"sameAs":["https:\/\/facebook.com\/BioVanix","https:\/\/x.com\/BioVanix","https:\/\/instagram.com\/BioVanix","https:\/\/tiktok.com\/@BioVanix","https:\/\/pinterest.com\/BioVanix","https:\/\/youtube.com\/BioVanix","https:\/\/linkedin.com\/in\/BioVanix"]},{"@type":"WebPage","@id":"https:\/\/biovanix.com\/es\/c4-columna-hplc\/#webpage","url":"https:\/\/biovanix.com\/es\/c4-columna-hplc\/","name":"C4 HPLC Packed Silica-gel Column | BioVanix Technology","description":"BioVanix C4 HPLC packed column is ultra-pure silica gel with butyl silane, 5um and 10um, 120A and 300A. High quality, excellent cost performance. Factory outlet","inLanguage":"es-AR","isPartOf":{"@id":"https:\/\/biovanix.com\/es\/#website"},"breadcrumb":{"@id":"https:\/\/biovanix.com\/es\/c4-columna-hplc\/#breadcrumblist"},"datePublished":"2024-01-24T01:37:28+08:00","dateModified":"2024-09-21T06:55:39+08:00"},{"@type":"WebSite","@id":"https:\/\/biovanix.com\/es\/#website","url":"https:\/\/biovanix.com\/es\/","name":"biovanix.com","description":"Professional Instrument Supplier","inLanguage":"es-AR","publisher":{"@id":"https:\/\/biovanix.com\/es\/#organization"}}]},"og:locale":"es_ES","og:site_name":"BioVanix | Professional Instrument Supplier","og:type":"article","og:title":"C4 HPLC Packed Silica-gel Column | BioVanix Technology","og:description":"BioVanix C4 HPLC packed column is ultra-pure silica gel with butyl silane, 5um and 10um, 120A and 300A. High quality, excellent cost performance. Factory outlet","og:url":"https:\/\/biovanix.com\/es\/c4-columna-hplc\/","og:image":"https:\/\/biovanix.com\/wp-content\/uploads\/2024\/01\/biovanix-logo-small.png","og:image:secure_url":"https:\/\/biovanix.com\/wp-content\/uploads\/2024\/01\/biovanix-logo-small.png","og:image:width":300,"og:image:height":240,"article:published_time":"2024-01-24T01:37:28+00:00","article:modified_time":"2024-09-21T06:55:39+00:00","article:publisher":"https:\/\/facebook.com\/BioVanix","twitter:card":"summary_large_image","twitter:site":"@BioVanix","twitter:title":"C4 HPLC Packed Silica-gel Column | BioVanix Technology","twitter:description":"BioVanix C4 HPLC packed column is ultra-pure silica gel with butyl silane, 5um and 10um, 120A and 300A. High quality, excellent cost performance. Factory outlet","twitter:creator":"@BioVanix","twitter:image":"https:\/\/biovanix.com\/wp-content\/uploads\/2024\/01\/biovanix-logo-small.png"},"aioseo_meta_data":{"post_id":"1506","title":"C4 HPLC Columna de s\u00edlice-gel empaquetada | BioVanix Technology","description":"La columna para HPLC BioVanix C4 es de gel de s\u00edlice ultrapuro con silano but\u00edlico, 5um y 10um, 120A y 300A. Alta calidad, excelente rendimiento de costes. Salida de f\u00e1brica","keywords":[],"keyphrases":{"focus":{"keyphrase":"C4","score":69,"analysis":{"keyphraseInTitle":{"score":9,"maxScore":9,"error":0},"keyphraseInDescription":{"score":9,"maxScore":9,"error":0},"keyphraseLength":{"score":9,"maxScore":9,"error":0,"length":1},"keyphraseInURL":{"score":5,"maxScore":5,"error":0},"keyphraseInIntroduction":{"score":9,"maxScore":9,"error":0},"keyphraseInSubHeadings":{"score":3,"maxScore":9,"error":1},"keyphraseInImageAlt":{"score":3,"maxScore":9,"error":1},"keywordDensity":{"type":"high","score":0,"maxScore":9,"error":1}}},"additional":[]},"primary_term":null,"canonical_url":null,"og_title":null,"og_description":null,"og_object_type":"default","og_image_type":"default","og_image_url":null,"og_image_width":null,"og_image_height":null,"og_image_custom_url":null,"og_image_custom_fields":null,"og_video":"","og_custom_url":null,"og_article_section":null,"og_article_tags":[],"twitter_use_og":false,"twitter_card":"default","twitter_image_type":"default","twitter_image_url":null,"twitter_image_custom_url":null,"twitter_image_custom_fields":null,"twitter_title":null,"twitter_description":null,"schema":{"blockGraphs":[],"customGraphs":[],"default":{"data":{"Article":[],"Course":[],"Dataset":[],"FAQPage":[],"Movie":[],"Person":[],"Product":[],"ProductReview":[],"Car":[],"Recipe":[],"Service":[],"SoftwareApplication":[],"WebPage":[]},"graphName":"WebPage","isEnabled":true},"graphs":[]},"schema_type":"default","schema_type_options":null,"pillar_content":false,"robots_default":true,"robots_noindex":false,"robots_noarchive":false,"robots_nosnippet":false,"robots_nofollow":false,"robots_noimageindex":false,"robots_noodp":false,"robots_notranslate":false,"robots_max_snippet":"-1","robots_max_videopreview":"-1","robots_max_imagepreview":"large","priority":null,"frequency":"default","local_seo":null,"seo_analyzer_scan_date":"2025-08-22 09:38:01","breadcrumb_settings":null,"limit_modified_date":false,"reviewed_by":null,"open_ai":"{\"title\":{\"suggestions\":[],\"usage\":0},\"description\":{\"suggestions\":[],\"usage\":0}}","ai":null,"created":"2024-01-24 01:37:30","updated":"2025-11-19 06:44:51"},"aioseo_breadcrumb":"<div class=\"aioseo-breadcrumbs\"><span class=\"aioseo-breadcrumb\">\n\t<a href=\"https:\/\/biovanix.com\/es\" title=\"Home\">Home<\/a>\n<\/span><span class=\"aioseo-breadcrumb-separator\">&raquo;<\/span><span class=\"aioseo-breadcrumb\">\n\tC4 HPLC Packed Silica-gel Column | BioVanix Technology\n<\/span><\/div>","aioseo_breadcrumb_json":[{"label":"Home","link":"https:\/\/biovanix.com\/es"},{"label":"C4 HPLC Packed Silica-gel Column | BioVanix Technology","link":"https:\/\/biovanix.com\/es\/c4-columna-hplc\/"}],"jetpack_sharing_enabled":true,"_links":{"self":[{"href":"https:\/\/biovanix.com\/es\/wp-json\/wp\/v2\/pages\/1506","targetHints":{"allow":["GET"]}}],"collection":[{"href":"https:\/\/biovanix.com\/es\/wp-json\/wp\/v2\/pages"}],"about":[{"href":"https:\/\/biovanix.com\/es\/wp-json\/wp\/v2\/types\/page"}],"author":[{"embeddable":true,"href":"https:\/\/biovanix.com\/es\/wp-json\/wp\/v2\/users\/1"}],"replies":[{"embeddable":true,"href":"https:\/\/biovanix.com\/es\/wp-json\/wp\/v2\/comments?post=1506"}],"version-history":[{"count":8,"href":"https:\/\/biovanix.com\/es\/wp-json\/wp\/v2\/pages\/1506\/revisions"}],"predecessor-version":[{"id":2757,"href":"https:\/\/biovanix.com\/es\/wp-json\/wp\/v2\/pages\/1506\/revisions\/2757"}],"wp:attachment":[{"href":"https:\/\/biovanix.com\/es\/wp-json\/wp\/v2\/media?parent=1506"}],"curies":[{"name":"wp","href":"https:\/\/api.w.org\/{rel}","templated":true}]}}