{"id":2124,"date":"2024-04-10T06:40:44","date_gmt":"2024-04-10T06:40:44","guid":{"rendered":"https:\/\/biovanix.com\/?page_id=2124"},"modified":"2024-10-07T05:48:55","modified_gmt":"2024-10-07T05:48:55","slug":"nh2-hplc-column-copy","status":"publish","type":"page","link":"https:\/\/biovanix.com\/es\/nh2-hplc-column-copy\/","title":{"rendered":"Gel de s\u00edlice NH2\/Amino | Tecnolog\u00eda BioVanix"},"content":{"rendered":"<div data-elementor-type=\"wp-page\" data-elementor-id=\"2124\" class=\"elementor elementor-2124\" data-elementor-post-type=\"page\">\n\t\t\t\t<div class=\"elementor-element elementor-element-9f0cbb8 e-flex e-con-boxed e-con e-parent\" data-id=\"9f0cbb8\" data-element_type=\"container\">\n\t\t\t\t\t<div class=\"e-con-inner\">\n\t\t\t\t<div class=\"elementor-element elementor-element-371ef95 elementor-widget elementor-widget-text-editor\" data-id=\"371ef95\" data-element_type=\"widget\" data-widget_type=\"text-editor.default\">\n\t\t\t\t<div class=\"elementor-widget-container\">\n\t\t\t\t\t\t\t\t\t<h1>NH2\/Animo Silica-gel Bulk<\/h1>\n<p>BioVanix NH2 silica gel<sub>\u00a0<\/sub>is the polarity of primary amino groups bonded to silica.\u00a0 It is a versatile stationary phase often used for the separation of sugars, but can also be used for separations utilizing weak anion exchange.<\/p>\n<p><strong>Caracter\u00edsticas principales<\/strong><\/p>\n<ul>\n<li>Gel de s\u00edlice unido qu\u00edmicamente con grupos aminopropilo<\/li>\n<li>\u00datil para la separaci\u00f3n de az\u00facares<\/li>\n<li>Permite la separaci\u00f3n en fase normal utilizando fases m\u00f3viles acuosas o no acuosas<\/li>\n<\/ul>\t\t\t\t\t\t\t\t<\/div>\n\t\t\t\t<\/div>\n\t\t\t\t\t<\/div>\n\t\t\t\t<\/div>\n\t\t<div class=\"elementor-element elementor-element-14582cf e-flex e-con-boxed e-con e-parent\" data-id=\"14582cf\" data-element_type=\"container\">\n\t\t\t\t\t<div class=\"e-con-inner\">\n\t\t<div class=\"elementor-element elementor-element-65d1548 e-con-full e-flex e-con e-child\" data-id=\"65d1548\" data-element_type=\"container\">\n\t\t\t\t<div class=\"elementor-element elementor-element-ed7dfd6 elementor-widget elementor-widget-text-editor\" data-id=\"ed7dfd6\" data-element_type=\"widget\" data-widget_type=\"text-editor.default\">\n\t\t\t\t<div class=\"elementor-widget-container\">\n\t\t\t\t\t\t\t\t\t<h1>\u00a0Producto de gel de s\u00edlice<\/h1>\t\t\t\t\t\t\t\t<\/div>\n\t\t\t\t<\/div>\n\t\t\t\t<\/div>\n\t\t<div class=\"elementor-element elementor-element-3ff82b5 e-con-full e-flex e-con e-child\" data-id=\"3ff82b5\" data-element_type=\"container\">\n\t\t\t\t<div class=\"elementor-element elementor-element-bc71d30 elementor-widget elementor-widget-image\" data-id=\"bc71d30\" data-element_type=\"widget\" data-widget_type=\"image.default\">\n\t\t\t\t<div class=\"elementor-widget-container\">\n\t\t\t\t\t\t\t\t\t\t\t\t\t\t\t\t<a href=\"https:\/\/biovanix.com\/es\/nh2-hplc-column-copy\/\">\n\t\t\t\t\t\t\t<img fetchpriority=\"high\" decoding=\"async\" width=\"300\" height=\"300\" src=\"https:\/\/biovanix.com\/wp-content\/uploads\/2024\/01\/chromatography-resin.jpg\" class=\"attachment-medium size-medium wp-image-1407\" alt=\"Gel de s\u00edlice Biovanix\" \/>\t\t\t\t\t\t\t\t<\/a>\n\t\t\t\t\t\t\t\t\t\t\t\t\t\t\t<\/div>\n\t\t\t\t<\/div>\n\t\t\t\t<\/div>\n\t\t\t\t\t<\/div>\n\t\t\t\t<\/div>\n\t\t<div class=\"elementor-element elementor-element-77be3bdb e-flex e-con-boxed e-con e-parent\" data-id=\"77be3bdb\" data-element_type=\"container\">\n\t\t\t\t\t<div class=\"e-con-inner\">\n\t\t\t\t<div class=\"elementor-element elementor-element-608e67ff elementor-widget elementor-widget-text-editor\" data-id=\"608e67ff\" data-element_type=\"widget\" data-widget_type=\"text-editor.default\">\n\t\t\t\t<div class=\"elementor-widget-container\">\n\t\t\t\t\t\t\t\t\t\n<h3>NH2\/Animo\u00a0Silica-gel Selection<\/h3>\n<p>\u00a0<\/p>\n<table width=\"100%\">\n<tbody>\n<tr>\n<td width=\"29%\"><strong>Producto<\/strong><\/td>\n<td colspan=\"3\" width=\"69%\"><strong>BV-NH2<\/strong><\/td>\n<\/tr>\n<tr>\n<td width=\"29%\">Grupo funcional<\/td>\n<td colspan=\"3\" width=\"69%\">Aminopropil<\/td>\n<\/tr>\n<tr>\n<td width=\"29%\">Sustrato<\/td>\n<td colspan=\"3\" width=\"69%\">Part\u00edculas esf\u00e9ricas porosas de s\u00edlice<\/td>\n<\/tr>\n<tr>\n<td width=\"29%\">Tama\u00f1o de las part\u00edculas<\/td>\n<td width=\"21%\">3\u03bcm<\/td>\n<td width=\"21%\">5\u03bcm<\/td>\n<td width=\"27%\">10\u03bcm<\/td>\n<\/tr>\n<tr>\n<td width=\"29%\">Tama\u00f1o de poro<\/td>\n<td colspan=\"3\" width=\"69%\">120\u00c5<\/td>\n<\/tr>\n<tr>\n<td width=\"29%\">Superficie<\/td>\n<td colspan=\"3\" width=\"69%\">330m2\/g<\/td>\n<\/tr>\n<tr>\n<td width=\"29%\">Contenido de carbono<\/td>\n<td colspan=\"3\" width=\"69%\">5%<\/td>\n<\/tr>\n<tr>\n<td width=\"29%\">Tap\u00f3n terminal<\/td>\n<td colspan=\"3\" width=\"69%\">S\u00ed<\/td>\n<\/tr>\n<tr>\n<td width=\"29%\">L\u00edmite de presi\u00f3n<\/td>\n<td colspan=\"3\" width=\"69%\">4000 psi para 10um<br \/>5000 psi para 5\u03bcm<br \/>6000 psi para 3um<\/td>\n<\/tr>\n<tr>\n<td width=\"29%\">L\u00edmite de temperatura<\/td>\n<td colspan=\"3\" width=\"69%\">60\u2103<\/td>\n<\/tr>\n<tr>\n<td width=\"29%\">Rango de pH<\/td>\n<td colspan=\"3\" width=\"69%\">2-8<\/td>\n<\/tr>\n<tr>\n<td width=\"29%\">Compatibilidad acuosa<\/td>\n<td colspan=\"3\" width=\"69%\">95% acuoso<\/td>\n<\/tr>\n<\/tbody>\n<\/table>\n\t\t\t\t\t\t\t\t<\/div>\n\t\t\t\t<\/div>\n\t\t\t\t\t<\/div>\n\t\t\t\t<\/div>\n\t\t<div class=\"elementor-element elementor-element-56205fc e-flex e-con-boxed e-con e-parent\" data-id=\"56205fc\" data-element_type=\"container\">\n\t\t\t\t\t<div class=\"e-con-inner\">\n\t\t<div class=\"elementor-element elementor-element-7bb3a2d e-con-full e-flex e-con e-child\" data-id=\"7bb3a2d\" data-element_type=\"container\">\n\t\t\t\t<div class=\"elementor-element elementor-element-8d4cbd7 elementor-widget elementor-widget-text-editor\" data-id=\"8d4cbd7\" data-element_type=\"widget\" data-widget_type=\"text-editor.default\">\n\t\t\t\t<div class=\"elementor-widget-container\">\n\t\t\t\t\t\t\t\t\t<h2>Aplicaci\u00f3n<\/h2>\t\t\t\t\t\t\t\t<\/div>\n\t\t\t\t<\/div>\n\t\t\t\t<\/div>\n\t\t<div class=\"elementor-element elementor-element-c7ddc35 e-con-full e-flex e-con e-child\" data-id=\"c7ddc35\" data-element_type=\"container\">\n\t\t\t\t<div class=\"elementor-element elementor-element-e2109e6 elementor-widget elementor-widget-image\" data-id=\"e2109e6\" data-element_type=\"widget\" data-widget_type=\"image.default\">\n\t\t\t\t<div class=\"elementor-widget-container\">\n\t\t\t\t\t\t\t\t\t\t\t\t\t\t\t<img decoding=\"async\" width=\"768\" height=\"270\" src=\"https:\/\/biovanix.com\/wp-content\/uploads\/2024\/02\/NH2-application.jpg\" class=\"attachment-medium_large size-medium_large wp-image-1538\" alt=\"\" title=\"Aplicaci\u00f3n NH2 | BioVanix\" \/>\t\t\t\t\t\t\t\t\t\t\t\t\t\t\t<\/div>\n\t\t\t\t<\/div>\n\t\t\t\t<\/div>\n\t\t\t\t\t<\/div>\n\t\t\t\t<\/div>\n\t\t<div class=\"elementor-element elementor-element-3ecfa4fc e-flex e-con-boxed e-con e-parent\" data-id=\"3ecfa4fc\" data-element_type=\"container\" data-settings=\"{&quot;background_background&quot;:&quot;classic&quot;}\">\n\t\t\t\t\t<div class=\"e-con-inner\">\n\t\t<div class=\"elementor-element elementor-element-1ae80072 e-con-full e-flex e-con e-child\" data-id=\"1ae80072\" data-element_type=\"container\">\n\t\t\t\t<div class=\"elementor-element elementor-element-7f29c71a elementor-widget elementor-widget-text-editor\" data-id=\"7f29c71a\" data-element_type=\"widget\" data-widget_type=\"text-editor.default\">\n\t\t\t\t<div class=\"elementor-widget-container\">\n\t\t\t\t\t\t\t\t\t<h3><span style=\"color: #ffffff;\">\u00bfNo encuentra el producto que necesita? P\u00f3ngase en contacto con nosotros directamente.<\/span><\/h3>\t\t\t\t\t\t\t\t<\/div>\n\t\t\t\t<\/div>\n\t\t\t\t<\/div>\n\t\t<div class=\"elementor-element elementor-element-ca2583 e-con-full e-flex e-con e-child\" data-id=\"ca2583\" data-element_type=\"container\">\n\t\t\t\t<div class=\"elementor-element elementor-element-41870edc elementor-align-center elementor-widget elementor-widget-button\" data-id=\"41870edc\" data-element_type=\"widget\" data-widget_type=\"button.default\">\n\t\t\t\t<div class=\"elementor-widget-container\">\n\t\t\t\t\t\t\t\t\t<div class=\"elementor-button-wrapper\">\n\t\t\t\t\t<a class=\"elementor-button elementor-size-sm\" role=\"button\">\n\t\t\t\t\t\t<span class=\"elementor-button-content-wrapper\">\n\t\t\t\t\t\t<span class=\"elementor-button-icon\">\n\t\t\t\t<svg aria-hidden=\"true\" class=\"e-font-icon-svg e-far-comment\" viewbox=\"0 0 512 512\" xmlns=\"http:\/\/www.w3.org\/2000\/svg\"><path d=\"M256 32C114.6 32 0 125.1 0 240c0 47.6 19.9 91.2 52.9 126.3C38 405.7 7 439.1 6.5 439.5c-6.6 7-8.4 17.2-4.6 26S14.4 480 24 480c61.5 0 110-25.7 139.1-46.3C192 442.8 223.2 448 256 448c141.4 0 256-93.1 256-208S397.4 32 256 32zm0 368c-26.7 0-53.1-4.1-78.4-12.1l-22.7-7.2-19.5 13.8c-14.3 10.1-33.9 21.4-57.5 29 7.3-12.1 14.4-25.7 19.9-40.2l10.6-28.1-20.6-21.8C69.7 314.1 48 282.2 48 240c0-88.2 93.3-160 208-160s208 71.8 208 160-93.3 160-208 160z\"><\/path><\/svg>\t\t\t<\/span>\n\t\t\t\t\t\t\t\t\t<span class=\"elementor-button-text\">P\u00f3ngase en contacto con nosotros<\/span>\n\t\t\t\t\t<\/span>\n\t\t\t\t\t<\/a>\n\t\t\t\t<\/div>\n\t\t\t\t\t\t\t\t<\/div>\n\t\t\t\t<\/div>\n\t\t\t\t<\/div>\n\t\t\t\t\t<\/div>\n\t\t\t\t<\/div>\n\t\t\t\t<\/div>","protected":false},"excerpt":{"rendered":"<p>NH2\/Animo Silica-gel Bulk BioVanix NH2 silica gel\u00a0is the polarity of primary amino groups bonded to silica.\u00a0 It is a versatile stationary phase often used for the separation of sugars, but can also be used for separations utilizing weak anion exchange. Main Features Silica gel chemically bonded with aminopropyl groups Useful for the separation of sugars [&hellip;]<\/p>","protected":false},"author":1,"featured_media":0,"parent":0,"menu_order":0,"comment_status":"closed","ping_status":"closed","template":"","meta":{"om_disable_all_campaigns":false,"_uag_custom_page_level_css":"","_monsterinsights_skip_tracking":false,"_monsterinsights_sitenote_active":false,"_monsterinsights_sitenote_note":"","_monsterinsights_sitenote_category":0,"_uf_show_specific_survey":0,"_uf_disable_surveys":false,"site-sidebar-layout":"default","site-content-layout":"","ast-site-content-layout":"full-width-container","site-content-style":"default","site-sidebar-style":"default","ast-global-header-display":"","ast-banner-title-visibility":"","ast-main-header-display":"","ast-hfb-above-header-display":"","ast-hfb-below-header-display":"","ast-hfb-mobile-header-display":"","site-post-title":"disabled","ast-breadcrumbs-content":"","ast-featured-img":"","footer-sml-layout":"","theme-transparent-header-meta":"","adv-header-id-meta":"","stick-header-meta":"","header-above-stick-meta":"","header-main-stick-meta":"","header-below-stick-meta":"","astra-migrate-meta-layouts":"set","ast-page-background-enabled":"default","ast-page-background-meta":{"desktop":{"background-color":"var(--ast-global-color-4)","background-image":"","background-repeat":"repeat","background-position":"center center","background-size":"auto","background-attachment":"scroll","background-type":"","background-media":"","overlay-type":"","overlay-color":"","overlay-opacity":"","overlay-gradient":""},"tablet":{"background-color":"","background-image":"","background-repeat":"repeat","background-position":"center center","background-size":"auto","background-attachment":"scroll","background-type":"","background-media":"","overlay-type":"","overlay-color":"","overlay-opacity":"","overlay-gradient":""},"mobile":{"background-color":"","background-image":"","background-repeat":"repeat","background-position":"center center","background-size":"auto","background-attachment":"scroll","background-type":"","background-media":"","overlay-type":"","overlay-color":"","overlay-opacity":"","overlay-gradient":""}},"ast-content-background-meta":{"desktop":{"background-color":"var(--ast-global-color-5)","background-image":"","background-repeat":"repeat","background-position":"center center","background-size":"auto","background-attachment":"scroll","background-type":"","background-media":"","overlay-type":"","overlay-color":"","overlay-opacity":"","overlay-gradient":""},"tablet":{"background-color":"var(--ast-global-color-5)","background-image":"","background-repeat":"repeat","background-position":"center center","background-size":"auto","background-attachment":"scroll","background-type":"","background-media":"","overlay-type":"","overlay-color":"","overlay-opacity":"","overlay-gradient":""},"mobile":{"background-color":"var(--ast-global-color-5)","background-image":"","background-repeat":"repeat","background-position":"center center","background-size":"auto","background-attachment":"scroll","background-type":"","background-media":"","overlay-type":"","overlay-color":"","overlay-opacity":"","overlay-gradient":""}},"footnotes":""},"class_list":["post-2124","page","type-page","status-publish","hentry"],"aioseo_notices":[],"uagb_featured_image_src":{"full":false,"thumbnail":false,"medium":false,"medium_large":false,"large":false,"1536x1536":false,"2048x2048":false,"trp-custom-language-flag":false,"woocommerce_thumbnail":false,"woocommerce_single":false,"woocommerce_gallery_thumbnail":false},"uagb_author_info":{"display_name":"biovanix.com","author_link":"https:\/\/biovanix.com\/es\/author\/biovanix-com\/"},"uagb_comment_info":0,"uagb_excerpt":"NH2\/Animo Silica-gel Bulk BioVanix NH2 silica gel\u00a0is the polarity of primary amino groups bonded to silica.\u00a0 It is a versatile stationary phase often used for the separation of sugars, but can also be used for separations utilizing weak anion exchange. Main Features Silica gel chemically bonded with aminopropyl groups Useful for the separation of sugars&hellip;","aioseo_head":"\n\t\t<!-- All in One SEO Pro 4.9.3 - aioseo.com -->\n\t<meta name=\"description\" content=\"BioVanix NH2\/Animo silica gel is the polarity of primary amino groups bonded to silica particles. Factory supply.\" \/>\n\t<meta name=\"robots\" content=\"max-image-preview:large\" \/>\n\t<link rel=\"canonical\" href=\"https:\/\/biovanix.com\/es\/nh2-hplc-column-copy\/\" \/>\n\t<meta name=\"generator\" content=\"All in One SEO Pro (AIOSEO) 4.9.3\" \/>\n\t\t<meta property=\"og:locale\" content=\"es_ES\" \/>\n\t\t<meta property=\"og:site_name\" content=\"BioVanix | Professional Instrument Supplier\" \/>\n\t\t<meta property=\"og:type\" content=\"article\" \/>\n\t\t<meta property=\"og:title\" content=\"NH2\/Amino Silica Gel | BioVanix Technology\" \/>\n\t\t<meta property=\"og:description\" content=\"BioVanix NH2\/Animo silica gel is the polarity of primary amino groups bonded to silica particles. Factory supply.\" \/>\n\t\t<meta property=\"og:url\" content=\"https:\/\/biovanix.com\/es\/nh2-hplc-column-copy\/\" \/>\n\t\t<meta property=\"og:image\" content=\"https:\/\/biovanix.com\/wp-content\/uploads\/2024\/01\/biovanix-logo-small.png\" \/>\n\t\t<meta property=\"og:image:secure_url\" content=\"https:\/\/biovanix.com\/wp-content\/uploads\/2024\/01\/biovanix-logo-small.png\" \/>\n\t\t<meta property=\"og:image:width\" content=\"300\" \/>\n\t\t<meta property=\"og:image:height\" content=\"240\" \/>\n\t\t<meta property=\"article:published_time\" content=\"2024-04-10T06:40:44+00:00\" \/>\n\t\t<meta property=\"article:modified_time\" content=\"2024-10-07T05:48:55+00:00\" \/>\n\t\t<meta property=\"article:publisher\" content=\"https:\/\/facebook.com\/BioVanix\" \/>\n\t\t<meta name=\"twitter:card\" content=\"summary_large_image\" \/>\n\t\t<meta name=\"twitter:site\" content=\"@BioVanix\" \/>\n\t\t<meta name=\"twitter:title\" content=\"NH2\/Amino Silica Gel | BioVanix Technology\" \/>\n\t\t<meta name=\"twitter:description\" content=\"BioVanix NH2\/Animo silica gel is the polarity of primary amino groups bonded to silica particles. Factory supply.\" \/>\n\t\t<meta name=\"twitter:creator\" content=\"@BioVanix\" \/>\n\t\t<meta name=\"twitter:image\" content=\"https:\/\/biovanix.com\/wp-content\/uploads\/2024\/01\/biovanix-logo-small.png\" \/>\n\t\t<script type=\"application\/ld+json\" class=\"aioseo-schema\">\n\t\t\t{\"@context\":\"https:\\\/\\\/schema.org\",\"@graph\":[{\"@type\":\"BreadcrumbList\",\"@id\":\"https:\\\/\\\/biovanix.com\\\/es\\\/nh2-hplc-column-copy\\\/#breadcrumblist\",\"itemListElement\":[{\"@type\":\"ListItem\",\"@id\":\"https:\\\/\\\/biovanix.com\\\/es#listItem\",\"position\":1,\"name\":\"Home\",\"item\":\"https:\\\/\\\/biovanix.com\\\/es\",\"nextItem\":{\"@type\":\"ListItem\",\"@id\":\"https:\\\/\\\/biovanix.com\\\/es\\\/nh2-hplc-column-copy\\\/#listItem\",\"name\":\"NH2\\\/Amino Silica Gel | BioVanix Technology\"}},{\"@type\":\"ListItem\",\"@id\":\"https:\\\/\\\/biovanix.com\\\/es\\\/nh2-hplc-column-copy\\\/#listItem\",\"position\":2,\"name\":\"NH2\\\/Amino Silica Gel | BioVanix Technology\",\"previousItem\":{\"@type\":\"ListItem\",\"@id\":\"https:\\\/\\\/biovanix.com\\\/es#listItem\",\"name\":\"Home\"}}]},{\"@type\":\"Organization\",\"@id\":\"https:\\\/\\\/biovanix.com\\\/es\\\/#organization\",\"name\":\"biovanix.com\",\"description\":\"Professional Instrument Supplier\",\"url\":\"https:\\\/\\\/biovanix.com\\\/es\\\/\",\"telephone\":\"+8618816200534\",\"logo\":{\"@type\":\"ImageObject\",\"url\":\"https:\\\/\\\/biovanix.com\\\/wp-content\\\/uploads\\\/2024\\\/01\\\/biovanix-logo-small.png\",\"@id\":\"https:\\\/\\\/biovanix.com\\\/es\\\/nh2-hplc-column-copy\\\/#organizationLogo\",\"width\":300,\"height\":240,\"caption\":\"biovanix logo small\"},\"image\":{\"@id\":\"https:\\\/\\\/biovanix.com\\\/es\\\/nh2-hplc-column-copy\\\/#organizationLogo\"},\"sameAs\":[\"https:\\\/\\\/facebook.com\\\/BioVanix\",\"https:\\\/\\\/x.com\\\/BioVanix\",\"https:\\\/\\\/instagram.com\\\/BioVanix\",\"https:\\\/\\\/tiktok.com\\\/@BioVanix\",\"https:\\\/\\\/pinterest.com\\\/BioVanix\",\"https:\\\/\\\/youtube.com\\\/BioVanix\",\"https:\\\/\\\/linkedin.com\\\/in\\\/BioVanix\"]},{\"@type\":\"WebPage\",\"@id\":\"https:\\\/\\\/biovanix.com\\\/es\\\/nh2-hplc-column-copy\\\/#webpage\",\"url\":\"https:\\\/\\\/biovanix.com\\\/es\\\/nh2-hplc-column-copy\\\/\",\"name\":\"NH2\\\/Amino Silica Gel | BioVanix Technology\",\"description\":\"BioVanix NH2\\\/Animo silica gel is the polarity of primary amino groups bonded to silica particles. Factory supply.\",\"inLanguage\":\"es-AR\",\"isPartOf\":{\"@id\":\"https:\\\/\\\/biovanix.com\\\/es\\\/#website\"},\"breadcrumb\":{\"@id\":\"https:\\\/\\\/biovanix.com\\\/es\\\/nh2-hplc-column-copy\\\/#breadcrumblist\"},\"datePublished\":\"2024-04-10T06:40:44+08:00\",\"dateModified\":\"2024-10-07T05:48:55+08:00\"},{\"@type\":\"WebSite\",\"@id\":\"https:\\\/\\\/biovanix.com\\\/es\\\/#website\",\"url\":\"https:\\\/\\\/biovanix.com\\\/es\\\/\",\"name\":\"biovanix.com\",\"description\":\"Professional Instrument Supplier\",\"inLanguage\":\"es-AR\",\"publisher\":{\"@id\":\"https:\\\/\\\/biovanix.com\\\/es\\\/#organization\"}}]}\n\t\t<\/script>\n\t\t<!-- All in One SEO Pro -->\r\n\t\t<title>NH2\/Amino Silica Gel | BioVanix Technology<\/title>\n\n","aioseo_head_json":{"title":"Gel de s\u00edlice NH2\/Amino | Tecnolog\u00eda BioVanix","description":"BioVanix NH2\/Animo silica gel is the polarity of primary amino groups bonded to silica particles. Factory supply.","canonical_url":"https:\/\/biovanix.com\/es\/nh2-hplc-column-copy\/","robots":"max-image-preview:large","keywords":"","webmasterTools":{"miscellaneous":""},"schema":{"@context":"https:\/\/schema.org","@graph":[{"@type":"BreadcrumbList","@id":"https:\/\/biovanix.com\/es\/nh2-hplc-column-copy\/#breadcrumblist","itemListElement":[{"@type":"ListItem","@id":"https:\/\/biovanix.com\/es#listItem","position":1,"name":"Home","item":"https:\/\/biovanix.com\/es","nextItem":{"@type":"ListItem","@id":"https:\/\/biovanix.com\/es\/nh2-hplc-column-copy\/#listItem","name":"NH2\/Amino Silica Gel | BioVanix Technology"}},{"@type":"ListItem","@id":"https:\/\/biovanix.com\/es\/nh2-hplc-column-copy\/#listItem","position":2,"name":"NH2\/Amino Silica Gel | BioVanix Technology","previousItem":{"@type":"ListItem","@id":"https:\/\/biovanix.com\/es#listItem","name":"Home"}}]},{"@type":"Organization","@id":"https:\/\/biovanix.com\/es\/#organization","name":"biovanix.com","description":"Professional Instrument Supplier","url":"https:\/\/biovanix.com\/es\/","telephone":"+8618816200534","logo":{"@type":"ImageObject","url":"https:\/\/biovanix.com\/wp-content\/uploads\/2024\/01\/biovanix-logo-small.png","@id":"https:\/\/biovanix.com\/es\/nh2-hplc-column-copy\/#organizationLogo","width":300,"height":240,"caption":"biovanix logo small"},"image":{"@id":"https:\/\/biovanix.com\/es\/nh2-hplc-column-copy\/#organizationLogo"},"sameAs":["https:\/\/facebook.com\/BioVanix","https:\/\/x.com\/BioVanix","https:\/\/instagram.com\/BioVanix","https:\/\/tiktok.com\/@BioVanix","https:\/\/pinterest.com\/BioVanix","https:\/\/youtube.com\/BioVanix","https:\/\/linkedin.com\/in\/BioVanix"]},{"@type":"WebPage","@id":"https:\/\/biovanix.com\/es\/nh2-hplc-column-copy\/#webpage","url":"https:\/\/biovanix.com\/es\/nh2-hplc-column-copy\/","name":"NH2\/Amino Silica Gel | BioVanix Technology","description":"BioVanix NH2\/Animo silica gel is the polarity of primary amino groups bonded to silica particles. Factory supply.","inLanguage":"es-AR","isPartOf":{"@id":"https:\/\/biovanix.com\/es\/#website"},"breadcrumb":{"@id":"https:\/\/biovanix.com\/es\/nh2-hplc-column-copy\/#breadcrumblist"},"datePublished":"2024-04-10T06:40:44+08:00","dateModified":"2024-10-07T05:48:55+08:00"},{"@type":"WebSite","@id":"https:\/\/biovanix.com\/es\/#website","url":"https:\/\/biovanix.com\/es\/","name":"biovanix.com","description":"Professional Instrument Supplier","inLanguage":"es-AR","publisher":{"@id":"https:\/\/biovanix.com\/es\/#organization"}}]},"og:locale":"es_ES","og:site_name":"BioVanix | Professional Instrument Supplier","og:type":"article","og:title":"NH2\/Amino Silica Gel | BioVanix Technology","og:description":"BioVanix NH2\/Animo silica gel is the polarity of primary amino groups bonded to silica particles. Factory supply.","og:url":"https:\/\/biovanix.com\/es\/nh2-hplc-column-copy\/","og:image":"https:\/\/biovanix.com\/wp-content\/uploads\/2024\/01\/biovanix-logo-small.png","og:image:secure_url":"https:\/\/biovanix.com\/wp-content\/uploads\/2024\/01\/biovanix-logo-small.png","og:image:width":300,"og:image:height":240,"article:published_time":"2024-04-10T06:40:44+00:00","article:modified_time":"2024-10-07T05:48:55+00:00","article:publisher":"https:\/\/facebook.com\/BioVanix","twitter:card":"summary_large_image","twitter:site":"@BioVanix","twitter:title":"NH2\/Amino Silica Gel | BioVanix Technology","twitter:description":"BioVanix NH2\/Animo silica gel is the polarity of primary amino groups bonded to silica particles. Factory supply.","twitter:creator":"@BioVanix","twitter:image":"https:\/\/biovanix.com\/wp-content\/uploads\/2024\/01\/biovanix-logo-small.png"},"aioseo_meta_data":{"post_id":"2124","title":"Gel de s\u00edlice NH2\/Amino | Tecnolog\u00eda BioVanix","description":"BioVanix NH2\/Animo silica gel is the polarity of primary amino groups bonded to silica particles. Factory supply.","keywords":[],"keyphrases":{"focus":{"keyphrase":"NH2","score":78,"analysis":{"keyphraseInTitle":{"score":9,"maxScore":9,"error":0},"keyphraseInDescription":{"score":9,"maxScore":9,"error":0},"keyphraseLength":{"score":9,"maxScore":9,"error":0,"length":1},"keyphraseInURL":{"score":5,"maxScore":5,"error":0},"keyphraseInIntroduction":{"score":9,"maxScore":9,"error":0},"keyphraseInSubHeadings":{"score":3,"maxScore":9,"error":1},"keyphraseInImageAlt":{"score":9,"maxScore":9,"error":0},"keywordDensity":{"type":"high","score":0,"maxScore":9,"error":1}}},"additional":[{"keyphrase":"silica gel","score":87,"analysis":{"keyphraseInDescription":{"score":9,"maxScore":9,"error":0},"keyphraseLength":{"score":9,"maxScore":9,"error":0,"length":2},"keyphraseInIntroduction":{"score":9,"maxScore":9,"error":0},"keyphraseInImageAlt":{"score":3,"maxScore":9,"error":1},"keywordDensity":{"type":"best","score":9,"maxScore":9,"error":0}}}]},"primary_term":null,"canonical_url":null,"og_title":null,"og_description":null,"og_object_type":"default","og_image_type":"default","og_image_url":null,"og_image_width":null,"og_image_height":null,"og_image_custom_url":null,"og_image_custom_fields":null,"og_video":"","og_custom_url":null,"og_article_section":null,"og_article_tags":[],"twitter_use_og":false,"twitter_card":"default","twitter_image_type":"default","twitter_image_url":null,"twitter_image_custom_url":null,"twitter_image_custom_fields":null,"twitter_title":null,"twitter_description":null,"schema":{"blockGraphs":[],"customGraphs":[],"default":{"data":{"Article":[],"Course":[],"Dataset":[],"FAQPage":[],"Movie":[],"Person":[],"Product":[],"ProductReview":[],"Car":[],"Recipe":[],"Service":[],"SoftwareApplication":[],"WebPage":[]},"graphName":"WebPage","isEnabled":true},"graphs":[]},"schema_type":"default","schema_type_options":null,"pillar_content":false,"robots_default":true,"robots_noindex":false,"robots_noarchive":false,"robots_nosnippet":false,"robots_nofollow":false,"robots_noimageindex":false,"robots_noodp":false,"robots_notranslate":false,"robots_max_snippet":"-1","robots_max_videopreview":"-1","robots_max_imagepreview":"large","priority":null,"frequency":"default","local_seo":null,"seo_analyzer_scan_date":"2025-08-22 09:41:59","breadcrumb_settings":null,"limit_modified_date":false,"reviewed_by":null,"open_ai":"{\"title\":{\"suggestions\":[],\"usage\":0},\"description\":{\"suggestions\":[],\"usage\":0}}","ai":null,"created":"2024-04-10 06:38:15","updated":"2025-08-22 09:41:59"},"aioseo_breadcrumb":"<div class=\"aioseo-breadcrumbs\"><span class=\"aioseo-breadcrumb\">\n\t<a href=\"https:\/\/biovanix.com\/es\" title=\"Home\">Home<\/a>\n<\/span><span class=\"aioseo-breadcrumb-separator\">&raquo;<\/span><span class=\"aioseo-breadcrumb\">\n\tNH2\/Amino Silica Gel | BioVanix Technology\n<\/span><\/div>","aioseo_breadcrumb_json":[{"label":"Home","link":"https:\/\/biovanix.com\/es"},{"label":"NH2\/Amino Silica Gel | BioVanix Technology","link":"https:\/\/biovanix.com\/es\/nh2-hplc-column-copy\/"}],"jetpack_sharing_enabled":true,"_links":{"self":[{"href":"https:\/\/biovanix.com\/es\/wp-json\/wp\/v2\/pages\/2124","targetHints":{"allow":["GET"]}}],"collection":[{"href":"https:\/\/biovanix.com\/es\/wp-json\/wp\/v2\/pages"}],"about":[{"href":"https:\/\/biovanix.com\/es\/wp-json\/wp\/v2\/types\/page"}],"author":[{"embeddable":true,"href":"https:\/\/biovanix.com\/es\/wp-json\/wp\/v2\/users\/1"}],"replies":[{"embeddable":true,"href":"https:\/\/biovanix.com\/es\/wp-json\/wp\/v2\/comments?post=2124"}],"version-history":[{"count":6,"href":"https:\/\/biovanix.com\/es\/wp-json\/wp\/v2\/pages\/2124\/revisions"}],"predecessor-version":[{"id":3072,"href":"https:\/\/biovanix.com\/es\/wp-json\/wp\/v2\/pages\/2124\/revisions\/3072"}],"wp:attachment":[{"href":"https:\/\/biovanix.com\/es\/wp-json\/wp\/v2\/media?parent=2124"}],"curies":[{"name":"wp","href":"https:\/\/api.w.org\/{rel}","templated":true}]}}