{"id":2136,"date":"2024-04-10T08:07:11","date_gmt":"2024-04-10T08:07:11","guid":{"rendered":"https:\/\/biovanix.com\/?page_id=2136"},"modified":"2024-10-07T05:55:20","modified_gmt":"2024-10-07T05:55:20","slug":"phenyl-silica-gel","status":"publish","type":"page","link":"https:\/\/biovanix.com\/fr\/phenyl-silica-gel\/","title":{"rendered":"Ph\/Phenyl Silica Gel | BioVanix Technology"},"content":{"rendered":"<div data-elementor-type=\"wp-page\" data-elementor-id=\"2136\" class=\"elementor elementor-2136\" data-elementor-post-type=\"page\">\n\t\t\t\t<div class=\"elementor-element elementor-element-59a8a18 e-flex e-con-boxed e-con e-parent\" data-id=\"59a8a18\" data-element_type=\"container\" data-e-type=\"container\">\n\t\t\t\t\t<div class=\"e-con-inner\">\n\t\t\t\t<div class=\"elementor-element elementor-element-399781c elementor-widget elementor-widget-text-editor\" data-id=\"399781c\" data-element_type=\"widget\" data-e-type=\"widget\" data-widget_type=\"text-editor.default\">\n\t\t\t\t<div class=\"elementor-widget-container\">\n\t\t\t\t\t\t\t\t\t<h1>Phenyl Silica-gel Bulk<\/h1>\n<p>BioVanix Ph\/phenyl silica gel is high surface coverage propylbenzene-modified silica particles with exhaustive end-capping. They are designed for a broad range of applications that require selectivity towards aromatic analytes, such as isomers of aromatic and heterocyclic pharmaceuticals and catechins.<\/p>\n<p><strong>Caract\u00e9ristiques principales<\/strong><\/p>\n<ul>\n<li>Bien adapt\u00e9 \u00e0 l'analyse des compos\u00e9s moyennement \u00e0 fortement hydrophobes<\/li>\n<li>Excellente forme de pic chromatographique pour les analytes acides, basiques et neutres<\/li>\n<li>Bonne compatibilit\u00e9 aqueuse<\/li>\n<li>Bonne homog\u00e9n\u00e9it\u00e9 des lots<\/li>\n<\/ul>\t\t\t\t\t\t\t\t<\/div>\n\t\t\t\t<\/div>\n\t\t\t\t\t<\/div>\n\t\t\t\t<\/div>\n\t\t<div class=\"elementor-element elementor-element-6e07827 e-flex e-con-boxed e-con e-parent\" data-id=\"6e07827\" data-element_type=\"container\" data-e-type=\"container\">\n\t\t\t\t\t<div class=\"e-con-inner\">\n\t\t<div class=\"elementor-element elementor-element-963fdb8 e-con-full e-flex e-con e-child\" data-id=\"963fdb8\" data-element_type=\"container\" data-e-type=\"container\">\n\t\t\t\t<div class=\"elementor-element elementor-element-47d8ca4 elementor-widget elementor-widget-text-editor\" data-id=\"47d8ca4\" data-element_type=\"widget\" data-e-type=\"widget\" data-widget_type=\"text-editor.default\">\n\t\t\t\t<div class=\"elementor-widget-container\">\n\t\t\t\t\t\t\t\t\t<h2>Phenyl Silica-gel Product<\/h2>\t\t\t\t\t\t\t\t<\/div>\n\t\t\t\t<\/div>\n\t\t\t\t<\/div>\n\t\t<div class=\"elementor-element elementor-element-af3c65d e-con-full e-flex e-con e-child\" data-id=\"af3c65d\" data-element_type=\"container\" data-e-type=\"container\">\n\t\t\t\t<div class=\"elementor-element elementor-element-275fc72 elementor-widget elementor-widget-image\" data-id=\"275fc72\" data-element_type=\"widget\" data-e-type=\"widget\" data-widget_type=\"image.default\">\n\t\t\t\t<div class=\"elementor-widget-container\">\n\t\t\t\t\t\t\t\t\t\t\t\t\t\t\t\t<a href=\"https:\/\/biovanix.com\/fr\/phenyl-silica-gel\/\">\n\t\t\t\t\t\t\t<img fetchpriority=\"high\" decoding=\"async\" width=\"300\" height=\"300\" src=\"https:\/\/biovanix.com\/wp-content\/uploads\/2024\/01\/chromatography-resin.jpg\" class=\"attachment-medium size-medium wp-image-1407\" alt=\"Gel de silice Biovanix\" \/>\t\t\t\t\t\t\t\t<\/a>\n\t\t\t\t\t\t\t\t\t\t\t\t\t\t\t<\/div>\n\t\t\t\t<\/div>\n\t\t\t\t<\/div>\n\t\t\t\t\t<\/div>\n\t\t\t\t<\/div>\n\t\t<div class=\"elementor-element elementor-element-55190db8 e-flex e-con-boxed e-con e-parent\" data-id=\"55190db8\" data-element_type=\"container\" data-e-type=\"container\">\n\t\t\t\t\t<div class=\"e-con-inner\">\n\t\t\t\t<div class=\"elementor-element elementor-element-77bcde9e elementor-widget elementor-widget-text-editor\" data-id=\"77bcde9e\" data-element_type=\"widget\" data-e-type=\"widget\" data-widget_type=\"text-editor.default\">\n\t\t\t\t<div class=\"elementor-widget-container\">\n\t\t\t\t\t\t\t\t\t\n<h2>Phenyl Silica-gel Parameter<\/h2>\n<table>\n<tbody>\n<tr>\n<td><strong>Produit<\/strong><\/td>\n<td colspan=\"3\"><strong>BV-\u00a0Phenyl<\/strong><\/td>\n<\/tr>\n<tr>\n<td>Groupe fonctionnel<\/td>\n<td colspan=\"3\">Pentafluorophenyl<\/td>\n<\/tr>\n<tr>\n<td>Substrat<\/td>\n<td colspan=\"3\">Particules de silice poreuses et sph\u00e9riques<\/td>\n<\/tr>\n<tr>\n<td>Taille des particules<\/td>\n<td>3\u03bcm<\/td>\n<td>5\u03bcm<\/td>\n<td>10\u03bcm<\/td>\n<\/tr>\n<tr>\n<td>Taille des pores<\/td>\n<td colspan=\"3\">120\u00c5<\/td>\n<\/tr>\n<tr>\n<td>Surface<\/td>\n<td colspan=\"3\">330m2\/g<\/td>\n<\/tr>\n<tr>\n<td>Teneur en carbone<\/td>\n<td colspan=\"3\">9%<\/td>\n<\/tr>\n<tr>\n<td>Capuchon d'extr\u00e9mit\u00e9<\/td>\n<td colspan=\"3\">Oui<\/td>\n<\/tr>\n<tr>\n<td>Limite de pression<\/td>\n<td colspan=\"3\">4000psi pour 10um<br \/>5000psi pour 5\u03bcm<br \/>6000psi pour 3um<\/td>\n<\/tr>\n<tr>\n<td>Limite de temp\u00e9rature<\/td>\n<td colspan=\"3\">60\u2103<\/td>\n<\/tr>\n<tr>\n<td>Gamme de pH<\/td>\n<td colspan=\"3\">2-8<\/td>\n<\/tr>\n<tr>\n<td>Compatibilit\u00e9 aqueuse<\/td>\n<td colspan=\"3\">95% aqueux<\/td>\n<\/tr>\n<\/tbody>\n<\/table>\n\t\t\t\t\t\t\t\t<\/div>\n\t\t\t\t<\/div>\n\t\t\t\t\t<\/div>\n\t\t\t\t<\/div>\n\t\t<div class=\"elementor-element elementor-element-4665b83f e-flex e-con-boxed e-con e-parent\" data-id=\"4665b83f\" data-element_type=\"container\" data-e-type=\"container\" data-settings=\"{&quot;background_background&quot;:&quot;classic&quot;}\">\n\t\t\t\t\t<div class=\"e-con-inner\">\n\t\t<div class=\"elementor-element elementor-element-3e512a3f e-con-full e-flex e-con e-child\" data-id=\"3e512a3f\" data-element_type=\"container\" data-e-type=\"container\">\n\t\t\t\t<div class=\"elementor-element elementor-element-35cd942d elementor-widget elementor-widget-text-editor\" data-id=\"35cd942d\" data-element_type=\"widget\" data-e-type=\"widget\" data-widget_type=\"text-editor.default\">\n\t\t\t\t<div class=\"elementor-widget-container\">\n\t\t\t\t\t\t\t\t\t<h3><span style=\"color: #ffffff;\">Vous ne trouvez pas le produit dont vous avez besoin ? Contactez nous directement.<\/span><\/h3>\t\t\t\t\t\t\t\t<\/div>\n\t\t\t\t<\/div>\n\t\t\t\t<\/div>\n\t\t<div class=\"elementor-element elementor-element-4851b54 e-con-full e-flex e-con e-child\" data-id=\"4851b54\" data-element_type=\"container\" data-e-type=\"container\">\n\t\t\t\t<div class=\"elementor-element elementor-element-33c7bd00 elementor-align-center elementor-widget elementor-widget-button\" data-id=\"33c7bd00\" data-element_type=\"widget\" data-e-type=\"widget\" data-widget_type=\"button.default\">\n\t\t\t\t<div class=\"elementor-widget-container\">\n\t\t\t\t\t\t\t\t\t<div class=\"elementor-button-wrapper\">\n\t\t\t\t\t<a class=\"elementor-button elementor-size-sm\" role=\"button\">\n\t\t\t\t\t\t<span class=\"elementor-button-content-wrapper\">\n\t\t\t\t\t\t<span class=\"elementor-button-icon\">\n\t\t\t\t<svg aria-hidden=\"true\" class=\"e-font-icon-svg e-far-comment\" viewbox=\"0 0 512 512\" xmlns=\"http:\/\/www.w3.org\/2000\/svg\"><path d=\"M256 32C114.6 32 0 125.1 0 240c0 47.6 19.9 91.2 52.9 126.3C38 405.7 7 439.1 6.5 439.5c-6.6 7-8.4 17.2-4.6 26S14.4 480 24 480c61.5 0 110-25.7 139.1-46.3C192 442.8 223.2 448 256 448c141.4 0 256-93.1 256-208S397.4 32 256 32zm0 368c-26.7 0-53.1-4.1-78.4-12.1l-22.7-7.2-19.5 13.8c-14.3 10.1-33.9 21.4-57.5 29 7.3-12.1 14.4-25.7 19.9-40.2l10.6-28.1-20.6-21.8C69.7 314.1 48 282.2 48 240c0-88.2 93.3-160 208-160s208 71.8 208 160-93.3 160-208 160z\"><\/path><\/svg>\t\t\t<\/span>\n\t\t\t\t\t\t\t\t\t<span class=\"elementor-button-text\">Nous contacter<\/span>\n\t\t\t\t\t<\/span>\n\t\t\t\t\t<\/a>\n\t\t\t\t<\/div>\n\t\t\t\t\t\t\t\t<\/div>\n\t\t\t\t<\/div>\n\t\t\t\t<\/div>\n\t\t\t\t\t<\/div>\n\t\t\t\t<\/div>\n\t\t\t\t<\/div>","protected":false},"excerpt":{"rendered":"<p>Phenyl Silica-gel Bulk BioVanix Ph\/phenyl silica gel is high surface coverage propylbenzene-modified silica particles with exhaustive end-capping. They are designed for a broad range of applications that require selectivity towards aromatic analytes, such as isomers of aromatic and heterocyclic pharmaceuticals and catechins. Main Features Well suited for intermediate to high hydrophobic compounds analysis Excellent chromatographic [&hellip;]<\/p>\n","protected":false},"author":1,"featured_media":0,"parent":0,"menu_order":0,"comment_status":"closed","ping_status":"closed","template":"","meta":{"om_disable_all_campaigns":false,"_uag_custom_page_level_css":"","_monsterinsights_skip_tracking":false,"_monsterinsights_sitenote_active":false,"_monsterinsights_sitenote_note":"","_monsterinsights_sitenote_category":0,"_uf_show_specific_survey":0,"_uf_disable_surveys":false,"site-sidebar-layout":"default","site-content-layout":"","ast-site-content-layout":"full-width-container","site-content-style":"default","site-sidebar-style":"default","ast-global-header-display":"","ast-banner-title-visibility":"","ast-main-header-display":"","ast-hfb-above-header-display":"","ast-hfb-below-header-display":"","ast-hfb-mobile-header-display":"","site-post-title":"disabled","ast-breadcrumbs-content":"","ast-featured-img":"","footer-sml-layout":"","ast-disable-related-posts":"","theme-transparent-header-meta":"","adv-header-id-meta":"","stick-header-meta":"","header-above-stick-meta":"","header-main-stick-meta":"","header-below-stick-meta":"","astra-migrate-meta-layouts":"set","ast-page-background-enabled":"default","ast-page-background-meta":{"desktop":{"background-color":"var(--ast-global-color-4)","background-image":"","background-repeat":"repeat","background-position":"center center","background-size":"auto","background-attachment":"scroll","background-type":"","background-media":"","overlay-type":"","overlay-color":"","overlay-opacity":"","overlay-gradient":""},"tablet":{"background-color":"","background-image":"","background-repeat":"repeat","background-position":"center center","background-size":"auto","background-attachment":"scroll","background-type":"","background-media":"","overlay-type":"","overlay-color":"","overlay-opacity":"","overlay-gradient":""},"mobile":{"background-color":"","background-image":"","background-repeat":"repeat","background-position":"center center","background-size":"auto","background-attachment":"scroll","background-type":"","background-media":"","overlay-type":"","overlay-color":"","overlay-opacity":"","overlay-gradient":""}},"ast-content-background-meta":{"desktop":{"background-color":"var(--ast-global-color-5)","background-image":"","background-repeat":"repeat","background-position":"center center","background-size":"auto","background-attachment":"scroll","background-type":"","background-media":"","overlay-type":"","overlay-color":"","overlay-opacity":"","overlay-gradient":""},"tablet":{"background-color":"var(--ast-global-color-5)","background-image":"","background-repeat":"repeat","background-position":"center center","background-size":"auto","background-attachment":"scroll","background-type":"","background-media":"","overlay-type":"","overlay-color":"","overlay-opacity":"","overlay-gradient":""},"mobile":{"background-color":"var(--ast-global-color-5)","background-image":"","background-repeat":"repeat","background-position":"center center","background-size":"auto","background-attachment":"scroll","background-type":"","background-media":"","overlay-type":"","overlay-color":"","overlay-opacity":"","overlay-gradient":""}},"footnotes":""},"class_list":["post-2136","page","type-page","status-publish","hentry"],"aioseo_notices":[],"uagb_featured_image_src":{"full":false,"thumbnail":false,"medium":false,"medium_large":false,"large":false,"1536x1536":false,"2048x2048":false,"trp-custom-language-flag":false,"woocommerce_thumbnail":false,"woocommerce_single":false,"woocommerce_gallery_thumbnail":false},"uagb_author_info":{"display_name":"biovanix.com","author_link":"https:\/\/biovanix.com\/fr\/author\/biovanix-com\/"},"uagb_comment_info":0,"uagb_excerpt":"Phenyl Silica-gel Bulk BioVanix Ph\/phenyl silica gel is high surface coverage propylbenzene-modified silica particles with exhaustive end-capping. They are designed for a broad range of applications that require selectivity towards aromatic analytes, such as isomers of aromatic and heterocyclic pharmaceuticals and catechins. Main Features Well suited for intermediate to high hydrophobic compounds analysis Excellent chromatographic\u2026","aioseo_head":"\n\t\t<!-- All in One SEO Pro 4.9.6.1 - aioseo.com -->\n\t<meta name=\"description\" content=\"BioVanix Ph\/phenyl silica gel is high surface coverage propylbenzene-modified silica particles with exhaustive end-capping silica particles\" \/>\n\t<meta name=\"robots\" content=\"max-image-preview:large\" \/>\n\t<link rel=\"canonical\" href=\"https:\/\/biovanix.com\/fr\/phenyl-silica-gel\/\" \/>\n\t<meta name=\"generator\" content=\"All in One SEO Pro (AIOSEO) 4.9.6.1\" \/>\n\t\t<meta property=\"og:locale\" content=\"fr_FR\" \/>\n\t\t<meta property=\"og:site_name\" content=\"BioVanix | Professional Instrument Supplier\" \/>\n\t\t<meta property=\"og:type\" content=\"article\" \/>\n\t\t<meta property=\"og:title\" content=\"Ph\/Phenyl Silica Gel | BioVanix Technology\" \/>\n\t\t<meta property=\"og:description\" content=\"BioVanix Ph\/phenyl silica gel is high surface coverage propylbenzene-modified silica particles with exhaustive end-capping silica particles\" \/>\n\t\t<meta property=\"og:url\" content=\"https:\/\/biovanix.com\/fr\/phenyl-silica-gel\/\" \/>\n\t\t<meta property=\"og:image\" content=\"https:\/\/biovanix.com\/wp-content\/uploads\/2024\/01\/biovanix-logo-small.png\" \/>\n\t\t<meta property=\"og:image:secure_url\" content=\"https:\/\/biovanix.com\/wp-content\/uploads\/2024\/01\/biovanix-logo-small.png\" \/>\n\t\t<meta property=\"og:image:width\" content=\"300\" \/>\n\t\t<meta property=\"og:image:height\" content=\"240\" \/>\n\t\t<meta property=\"article:published_time\" content=\"2024-04-10T08:07:11+00:00\" \/>\n\t\t<meta property=\"article:modified_time\" content=\"2024-10-07T05:55:20+00:00\" \/>\n\t\t<meta property=\"article:publisher\" content=\"https:\/\/facebook.com\/BioVanix\" \/>\n\t\t<meta name=\"twitter:card\" content=\"summary_large_image\" \/>\n\t\t<meta name=\"twitter:site\" content=\"@BioVanix\" \/>\n\t\t<meta name=\"twitter:title\" content=\"Ph\/Phenyl Silica Gel | BioVanix Technology\" \/>\n\t\t<meta name=\"twitter:description\" content=\"BioVanix Ph\/phenyl silica gel is high surface coverage propylbenzene-modified silica particles with exhaustive end-capping silica particles\" \/>\n\t\t<meta name=\"twitter:creator\" content=\"@BioVanix\" \/>\n\t\t<meta name=\"twitter:image\" content=\"https:\/\/biovanix.com\/wp-content\/uploads\/2024\/01\/biovanix-logo-small.png\" \/>\n\t\t<script type=\"application\/ld+json\" class=\"aioseo-schema\">\n\t\t\t{\"@context\":\"https:\\\/\\\/schema.org\",\"@graph\":[{\"@type\":\"BreadcrumbList\",\"@id\":\"https:\\\/\\\/biovanix.com\\\/fr\\\/phenyl-silica-gel\\\/#breadcrumblist\",\"itemListElement\":[{\"@type\":\"ListItem\",\"@id\":\"https:\\\/\\\/biovanix.com\\\/fr#listItem\",\"position\":1,\"name\":\"Home\",\"item\":\"https:\\\/\\\/biovanix.com\\\/fr\",\"nextItem\":{\"@type\":\"ListItem\",\"@id\":\"https:\\\/\\\/biovanix.com\\\/fr\\\/phenyl-silica-gel\\\/#listItem\",\"name\":\"Ph\\\/Phenyl Silica Gel | BioVanix Technology\"}},{\"@type\":\"ListItem\",\"@id\":\"https:\\\/\\\/biovanix.com\\\/fr\\\/phenyl-silica-gel\\\/#listItem\",\"position\":2,\"name\":\"Ph\\\/Phenyl Silica Gel | BioVanix Technology\",\"previousItem\":{\"@type\":\"ListItem\",\"@id\":\"https:\\\/\\\/biovanix.com\\\/fr#listItem\",\"name\":\"Home\"}}]},{\"@type\":\"Organization\",\"@id\":\"https:\\\/\\\/biovanix.com\\\/fr\\\/#organization\",\"name\":\"biovanix.com\",\"description\":\"Professional Instrument Supplier\",\"url\":\"https:\\\/\\\/biovanix.com\\\/fr\\\/\",\"telephone\":\"+8618816200534\",\"logo\":{\"@type\":\"ImageObject\",\"url\":\"https:\\\/\\\/biovanix.com\\\/wp-content\\\/uploads\\\/2024\\\/01\\\/biovanix-logo-small.png\",\"@id\":\"https:\\\/\\\/biovanix.com\\\/fr\\\/phenyl-silica-gel\\\/#organizationLogo\",\"width\":300,\"height\":240,\"caption\":\"biovanix logo small\"},\"image\":{\"@id\":\"https:\\\/\\\/biovanix.com\\\/fr\\\/phenyl-silica-gel\\\/#organizationLogo\"},\"sameAs\":[\"https:\\\/\\\/facebook.com\\\/BioVanix\",\"https:\\\/\\\/x.com\\\/BioVanix\",\"https:\\\/\\\/instagram.com\\\/BioVanix\",\"https:\\\/\\\/tiktok.com\\\/@BioVanix\",\"https:\\\/\\\/pinterest.com\\\/BioVanix\",\"https:\\\/\\\/youtube.com\\\/BioVanix\",\"https:\\\/\\\/linkedin.com\\\/in\\\/BioVanix\"]},{\"@type\":\"WebPage\",\"@id\":\"https:\\\/\\\/biovanix.com\\\/fr\\\/phenyl-silica-gel\\\/#webpage\",\"url\":\"https:\\\/\\\/biovanix.com\\\/fr\\\/phenyl-silica-gel\\\/\",\"name\":\"Ph\\\/Phenyl Silica Gel | BioVanix Technology\",\"description\":\"BioVanix Ph\\\/phenyl silica gel is high surface coverage propylbenzene-modified silica particles with exhaustive end-capping silica particles\",\"inLanguage\":\"fr-FR\",\"isPartOf\":{\"@id\":\"https:\\\/\\\/biovanix.com\\\/fr\\\/#website\"},\"breadcrumb\":{\"@id\":\"https:\\\/\\\/biovanix.com\\\/fr\\\/phenyl-silica-gel\\\/#breadcrumblist\"},\"datePublished\":\"2024-04-10T08:07:11+08:00\",\"dateModified\":\"2024-10-07T05:55:20+08:00\"},{\"@type\":\"WebSite\",\"@id\":\"https:\\\/\\\/biovanix.com\\\/fr\\\/#website\",\"url\":\"https:\\\/\\\/biovanix.com\\\/fr\\\/\",\"name\":\"biovanix.com\",\"description\":\"Professional Instrument Supplier\",\"inLanguage\":\"fr-FR\",\"publisher\":{\"@id\":\"https:\\\/\\\/biovanix.com\\\/fr\\\/#organization\"}}]}\n\t\t<\/script>\n\t\t<!-- All in One SEO Pro -->\r\n\t\t<title>Ph\/Phenyl Silica Gel | BioVanix Technology<\/title>\n\n","aioseo_head_json":{"title":"Ph\/Phenyl Silica Gel | BioVanix Technology","description":"BioVanix Ph\/phenyl silica gel is high surface coverage propylbenzene-modified silica particles with exhaustive end-capping silica particles","canonical_url":"https:\/\/biovanix.com\/fr\/phenyl-silica-gel\/","robots":"max-image-preview:large","keywords":"","webmasterTools":{"miscellaneous":""},"schema":{"@context":"https:\/\/schema.org","@graph":[{"@type":"BreadcrumbList","@id":"https:\/\/biovanix.com\/fr\/phenyl-silica-gel\/#breadcrumblist","itemListElement":[{"@type":"ListItem","@id":"https:\/\/biovanix.com\/fr#listItem","position":1,"name":"Home","item":"https:\/\/biovanix.com\/fr","nextItem":{"@type":"ListItem","@id":"https:\/\/biovanix.com\/fr\/phenyl-silica-gel\/#listItem","name":"Ph\/Phenyl Silica Gel | BioVanix Technology"}},{"@type":"ListItem","@id":"https:\/\/biovanix.com\/fr\/phenyl-silica-gel\/#listItem","position":2,"name":"Ph\/Phenyl Silica Gel | BioVanix Technology","previousItem":{"@type":"ListItem","@id":"https:\/\/biovanix.com\/fr#listItem","name":"Home"}}]},{"@type":"Organization","@id":"https:\/\/biovanix.com\/fr\/#organization","name":"biovanix.com","description":"Professional Instrument Supplier","url":"https:\/\/biovanix.com\/fr\/","telephone":"+8618816200534","logo":{"@type":"ImageObject","url":"https:\/\/biovanix.com\/wp-content\/uploads\/2024\/01\/biovanix-logo-small.png","@id":"https:\/\/biovanix.com\/fr\/phenyl-silica-gel\/#organizationLogo","width":300,"height":240,"caption":"biovanix logo small"},"image":{"@id":"https:\/\/biovanix.com\/fr\/phenyl-silica-gel\/#organizationLogo"},"sameAs":["https:\/\/facebook.com\/BioVanix","https:\/\/x.com\/BioVanix","https:\/\/instagram.com\/BioVanix","https:\/\/tiktok.com\/@BioVanix","https:\/\/pinterest.com\/BioVanix","https:\/\/youtube.com\/BioVanix","https:\/\/linkedin.com\/in\/BioVanix"]},{"@type":"WebPage","@id":"https:\/\/biovanix.com\/fr\/phenyl-silica-gel\/#webpage","url":"https:\/\/biovanix.com\/fr\/phenyl-silica-gel\/","name":"Ph\/Phenyl Silica Gel | BioVanix Technology","description":"BioVanix Ph\/phenyl silica gel is high surface coverage propylbenzene-modified silica particles with exhaustive end-capping silica particles","inLanguage":"fr-FR","isPartOf":{"@id":"https:\/\/biovanix.com\/fr\/#website"},"breadcrumb":{"@id":"https:\/\/biovanix.com\/fr\/phenyl-silica-gel\/#breadcrumblist"},"datePublished":"2024-04-10T08:07:11+08:00","dateModified":"2024-10-07T05:55:20+08:00"},{"@type":"WebSite","@id":"https:\/\/biovanix.com\/fr\/#website","url":"https:\/\/biovanix.com\/fr\/","name":"biovanix.com","description":"Professional Instrument Supplier","inLanguage":"fr-FR","publisher":{"@id":"https:\/\/biovanix.com\/fr\/#organization"}}]},"og:locale":"fr_FR","og:site_name":"BioVanix | Professional Instrument Supplier","og:type":"article","og:title":"Ph\/Phenyl Silica Gel | BioVanix Technology","og:description":"BioVanix Ph\/phenyl silica gel is high surface coverage propylbenzene-modified silica particles with exhaustive end-capping silica particles","og:url":"https:\/\/biovanix.com\/fr\/phenyl-silica-gel\/","og:image":"https:\/\/biovanix.com\/wp-content\/uploads\/2024\/01\/biovanix-logo-small.png","og:image:secure_url":"https:\/\/biovanix.com\/wp-content\/uploads\/2024\/01\/biovanix-logo-small.png","og:image:width":300,"og:image:height":240,"article:published_time":"2024-04-10T08:07:11+00:00","article:modified_time":"2024-10-07T05:55:20+00:00","article:publisher":"https:\/\/facebook.com\/BioVanix","twitter:card":"summary_large_image","twitter:site":"@BioVanix","twitter:title":"Ph\/Phenyl Silica Gel | BioVanix Technology","twitter:description":"BioVanix Ph\/phenyl silica gel is high surface coverage propylbenzene-modified silica particles with exhaustive end-capping silica particles","twitter:creator":"@BioVanix","twitter:image":"https:\/\/biovanix.com\/wp-content\/uploads\/2024\/01\/biovanix-logo-small.png"},"aioseo_meta_data":{"post_id":"2136","title":"Ph\/Phenyl Silica Gel | BioVanix Technology","description":"BioVanix Ph\/phenyl silica gel is high surface coverage propylbenzene-modified silica particles with exhaustive end-capping silica particles","keywords":[],"keyphrases":{"focus":{"keyphrase":"phenyl","score":69,"analysis":{"keyphraseInTitle":{"score":9,"maxScore":9,"error":0},"keyphraseInDescription":{"score":9,"maxScore":9,"error":0},"keyphraseLength":{"score":9,"maxScore":9,"error":0,"length":1},"keyphraseInURL":{"score":5,"maxScore":5,"error":0},"keyphraseInIntroduction":{"score":9,"maxScore":9,"error":0},"keyphraseInSubHeadings":{"score":3,"maxScore":9,"error":1},"keyphraseInImageAlt":{"score":3,"maxScore":9,"error":1},"keywordDensity":{"type":"high","score":0,"maxScore":9,"error":1}}},"additional":[{"keyphrase":"silica","score":87,"analysis":{"keyphraseInDescription":{"score":9,"maxScore":9,"error":0},"keyphraseLength":{"score":9,"maxScore":9,"error":0,"length":1},"keyphraseInIntroduction":{"score":9,"maxScore":9,"error":0},"keyphraseInImageAlt":{"score":3,"maxScore":9,"error":1},"keywordDensity":{"type":"best","score":9,"maxScore":9,"error":0}}}]},"primary_term":null,"canonical_url":null,"og_title":null,"og_description":null,"og_object_type":"default","og_image_type":"default","og_image_url":null,"og_image_width":null,"og_image_height":null,"og_image_custom_url":null,"og_image_custom_fields":null,"og_video":"","og_custom_url":null,"og_article_section":null,"og_article_tags":[],"twitter_use_og":false,"twitter_card":"default","twitter_image_type":"default","twitter_image_url":null,"twitter_image_custom_url":null,"twitter_image_custom_fields":null,"twitter_title":null,"twitter_description":null,"schema":{"blockGraphs":[],"customGraphs":[],"default":{"data":{"Article":[],"Course":[],"Dataset":[],"FAQPage":[],"Movie":[],"Person":[],"Product":[],"ProductReview":[],"Car":[],"Recipe":[],"Service":[],"SoftwareApplication":[],"WebPage":[]},"graphName":"WebPage","isEnabled":true},"graphs":[]},"schema_type":"default","schema_type_options":null,"pillar_content":false,"robots_default":true,"robots_noindex":false,"robots_noarchive":false,"robots_nosnippet":false,"robots_nofollow":false,"robots_noimageindex":false,"robots_noodp":false,"robots_notranslate":false,"robots_max_snippet":"-1","robots_max_videopreview":"-1","robots_max_imagepreview":"large","priority":null,"frequency":"default","local_seo":null,"seo_analyzer_scan_date":"2025-08-22 09:43:56","breadcrumb_settings":null,"limit_modified_date":false,"reviewed_by":null,"open_ai":"{\"title\":{\"suggestions\":[],\"usage\":0},\"description\":{\"suggestions\":[],\"usage\":0}}","ai":null,"created":"2024-04-10 07:20:07","updated":"2025-08-22 09:43:56"},"aioseo_breadcrumb":"<div class=\"aioseo-breadcrumbs\"><span class=\"aioseo-breadcrumb\">\n\t<a href=\"https:\/\/biovanix.com\/fr\" title=\"Home\">Home<\/a>\n<\/span><span class=\"aioseo-breadcrumb-separator\">&raquo;<\/span><span class=\"aioseo-breadcrumb\">\n\tPh\/Phenyl Silica Gel | BioVanix Technology\n<\/span><\/div>","aioseo_breadcrumb_json":[{"label":"Home","link":"https:\/\/biovanix.com\/fr"},{"label":"Ph\/Phenyl Silica Gel | BioVanix Technology","link":"https:\/\/biovanix.com\/fr\/phenyl-silica-gel\/"}],"jetpack_sharing_enabled":true,"_links":{"self":[{"href":"https:\/\/biovanix.com\/fr\/wp-json\/wp\/v2\/pages\/2136","targetHints":{"allow":["GET"]}}],"collection":[{"href":"https:\/\/biovanix.com\/fr\/wp-json\/wp\/v2\/pages"}],"about":[{"href":"https:\/\/biovanix.com\/fr\/wp-json\/wp\/v2\/types\/page"}],"author":[{"embeddable":true,"href":"https:\/\/biovanix.com\/fr\/wp-json\/wp\/v2\/users\/1"}],"replies":[{"embeddable":true,"href":"https:\/\/biovanix.com\/fr\/wp-json\/wp\/v2\/comments?post=2136"}],"version-history":[{"count":6,"href":"https:\/\/biovanix.com\/fr\/wp-json\/wp\/v2\/pages\/2136\/revisions"}],"predecessor-version":[{"id":3077,"href":"https:\/\/biovanix.com\/fr\/wp-json\/wp\/v2\/pages\/2136\/revisions\/3077"}],"wp:attachment":[{"href":"https:\/\/biovanix.com\/fr\/wp-json\/wp\/v2\/media?parent=2136"}],"curies":[{"name":"wp","href":"https:\/\/api.w.org\/{rel}","templated":true}]}}