{"id":4578,"date":"2025-02-04T12:11:26","date_gmt":"2025-02-04T12:11:26","guid":{"rendered":"https:\/\/biovanix.com\/?post_type=product&#038;p=4578"},"modified":"2025-03-06T13:44:24","modified_gmt":"2025-03-06T13:44:24","slug":"c4-gel-de-silice-materiau-demballage","status":"publish","type":"product","link":"https:\/\/biovanix.com\/fr\/product\/c4-gel-de-silice-materiau-demballage\/","title":{"rendered":"C4 Silica-gel Mat\u00e9riau d'emballage"},"content":{"rendered":"<h1>BioVanix C4 Silica-gel Mat\u00e9riau d'emballage<\/h1>\n<p>Le gel de silice C4 de BioVanix est bas\u00e9 sur des particules de silice modifi\u00e9es en C4 \u00e0 haute couverture de surface avec un bouchage final exhaustif pour minimiser l'activit\u00e9 ind\u00e9sirable des silanols. Ils sont le plus souvent utilis\u00e9s pour s\u00e9parer les analytes ayant une hydrophobicit\u00e9 faible \u00e0 \u00e9lev\u00e9e.<\/p>\n<h3><\/h3>\n<h3>Param\u00e8tres de la silice<\/h3>\n<table width=\"623\">\n<tbody>\n<tr>\n<td style=\"text-align: center;\" width=\"114\"><b>Taille des particules <\/b><\/td>\n<td style=\"text-align: center;\" width=\"117\"><b>Taille des pores <\/b><\/td>\n<td style=\"text-align: center;\" width=\"125\"><b>Surface <\/b><\/td>\n<td style=\"text-align: center;\" width=\"136\"><b>Teneur en carbone <\/b><\/td>\n<td style=\"text-align: center;\" width=\"130\"><b>Gamme de pH <\/b><\/td>\n<\/tr>\n<tr>\n<td style=\"text-align: center;\" width=\"114\">\u00a0 \u00a0 5\/10\/15\/20\/30\/50um<\/td>\n<td style=\"text-align: center;\" width=\"117\">100\u00c5<\/td>\n<td style=\"text-align: center;\" width=\"125\">300m<sup>2<\/sup>\/g<\/td>\n<td style=\"text-align: center;\" width=\"136\">3%<\/td>\n<td style=\"text-align: center;\" width=\"130\">2-8<\/td>\n<\/tr>\n<\/tbody>\n<\/table>\n<h6>Pour le service OEM, veuillez nous contacter directement.<\/h6>","protected":false},"excerpt":{"rendered":"<p>BioVanix C4 Silica-gel Packing Material BioVanix C4 silica-gel is based on high surface coverage C4 modified silica particles with exhaustive end-capping for minimal undesired silanol activity. They are most commonly used to separate analytes with low to high hydrophobicity. Silica Parameter Particle Size Pore Size Surface Area Carbon Content pH Range \u00a0 \u00a0 5\/10\/15\/20\/30\/50um 100\u00c5 [&hellip;]<\/p>","protected":false},"featured_media":3669,"template":"","meta":{"om_disable_all_campaigns":false,"_uag_custom_page_level_css":"","_monsterinsights_skip_tracking":false,"_monsterinsights_sitenote_active":false,"_monsterinsights_sitenote_note":"","_monsterinsights_sitenote_category":0,"_uf_show_specific_survey":0,"_uf_disable_surveys":false,"site-sidebar-layout":"default","site-content-layout":"","ast-site-content-layout":"default","site-content-style":"default","site-sidebar-style":"default","ast-global-header-display":"","ast-banner-title-visibility":"","ast-main-header-display":"","ast-hfb-above-header-display":"","ast-hfb-below-header-display":"","ast-hfb-mobile-header-display":"","site-post-title":"","ast-breadcrumbs-content":"","ast-featured-img":"","footer-sml-layout":"","theme-transparent-header-meta":"default","adv-header-id-meta":"","stick-header-meta":"default","header-above-stick-meta":"","header-main-stick-meta":"","header-below-stick-meta":"","astra-migrate-meta-layouts":"set","ast-page-background-enabled":"default","ast-page-background-meta":{"desktop":{"background-color":"var(--ast-global-color-4)","background-image":"","background-repeat":"repeat","background-position":"center center","background-size":"auto","background-attachment":"scroll","background-type":"","background-media":"","overlay-type":"","overlay-color":"","overlay-opacity":"","overlay-gradient":""},"tablet":{"background-color":"","background-image":"","background-repeat":"repeat","background-position":"center center","background-size":"auto","background-attachment":"scroll","background-type":"","background-media":"","overlay-type":"","overlay-color":"","overlay-opacity":"","overlay-gradient":""},"mobile":{"background-color":"","background-image":"","background-repeat":"repeat","background-position":"center center","background-size":"auto","background-attachment":"scroll","background-type":"","background-media":"","overlay-type":"","overlay-color":"","overlay-opacity":"","overlay-gradient":""}},"ast-content-background-meta":{"desktop":{"background-color":"var(--ast-global-color-5)","background-image":"","background-repeat":"repeat","background-position":"center center","background-size":"auto","background-attachment":"scroll","background-type":"","background-media":"","overlay-type":"","overlay-color":"","overlay-opacity":"","overlay-gradient":""},"tablet":{"background-color":"var(--ast-global-color-5)","background-image":"","background-repeat":"repeat","background-position":"center center","background-size":"auto","background-attachment":"scroll","background-type":"","background-media":"","overlay-type":"","overlay-color":"","overlay-opacity":"","overlay-gradient":""},"mobile":{"background-color":"var(--ast-global-color-5)","background-image":"","background-repeat":"repeat","background-position":"center center","background-size":"auto","background-attachment":"scroll","background-type":"","background-media":"","overlay-type":"","overlay-color":"","overlay-opacity":"","overlay-gradient":""}}},"product_brand":[57],"product_cat":[56],"product_tag":[],"class_list":{"0":"post-4578","1":"product","2":"type-product","3":"status-publish","4":"has-post-thumbnail","6":"product_brand-biovanix","7":"product_cat-silica-gel","8":"desktop-align-left","9":"tablet-align-left","10":"mobile-align-left","11":"ast-product-gallery-layout-horizontal-slider","12":"ast-product-gallery-with-no-image","13":"ast-product-tabs-layout-horizontal","15":"first","16":"instock","17":"taxable","18":"shipping-taxable","19":"product-type-simple"},"aioseo_notices":[],"uagb_featured_image_src":{"full":["https:\/\/biovanix.com\/wp-content\/uploads\/2025\/01\/3.jpg",500,500,false],"thumbnail":["https:\/\/biovanix.com\/wp-content\/uploads\/2025\/01\/3-150x150.jpg",150,150,true],"medium":["https:\/\/biovanix.com\/wp-content\/uploads\/2025\/01\/3-300x300.jpg",300,300,true],"medium_large":["https:\/\/biovanix.com\/wp-content\/uploads\/2025\/01\/3.jpg",500,500,false],"large":["https:\/\/biovanix.com\/wp-content\/uploads\/2025\/01\/3.jpg",500,500,false],"1536x1536":["https:\/\/biovanix.com\/wp-content\/uploads\/2025\/01\/3.jpg",500,500,false],"2048x2048":["https:\/\/biovanix.com\/wp-content\/uploads\/2025\/01\/3.jpg",500,500,false],"trp-custom-language-flag":["https:\/\/biovanix.com\/wp-content\/uploads\/2025\/01\/3.jpg",12,12,false],"woocommerce_thumbnail":["https:\/\/biovanix.com\/wp-content\/uploads\/2025\/01\/3-300x300.jpg",300,300,true],"woocommerce_single":["https:\/\/biovanix.com\/wp-content\/uploads\/2025\/01\/3.jpg",500,500,false],"woocommerce_gallery_thumbnail":["https:\/\/biovanix.com\/wp-content\/uploads\/2025\/01\/3-100x100.jpg",100,100,true]},"uagb_author_info":{"display_name":"biovanix.com","author_link":"https:\/\/biovanix.com\/fr\/author\/"},"uagb_comment_info":0,"uagb_excerpt":"BioVanix C4 Silica-gel Packing Material BioVanix C4 silica-gel is based on high surface coverage C4 modified silica particles with exhaustive end-capping for minimal undesired silanol activity. They are most commonly used to separate analytes with low to high hydrophobicity. Silica Parameter Particle Size Pore Size Surface Area Carbon Content pH Range \u00a0 \u00a0 5\/10\/15\/20\/30\/50um 100\u00c5\u2026","aioseo_head":"\n\t\t<!-- All in One SEO Pro 4.9.3 - aioseo.com -->\n\t<meta name=\"description\" content=\"BioVanix C4 silica-gel packing material is based on high surface coverage C4 modified silica particles with end-capping. Factory Supply. OEM is available.\" \/>\n\t<meta name=\"robots\" content=\"max-image-preview:large\" \/>\n\t<link rel=\"canonical\" href=\"https:\/\/biovanix.com\/fr\/product\/c4-gel-de-silice-materiau-demballage\/\" \/>\n\t<meta name=\"generator\" content=\"All in One SEO Pro (AIOSEO) 4.9.3\" \/>\n\t\t<meta property=\"og:locale\" content=\"fr_FR\" \/>\n\t\t<meta property=\"og:site_name\" content=\"BioVanix | Professional Instrument Supplier\" \/>\n\t\t<meta property=\"og:type\" content=\"article\" \/>\n\t\t<meta property=\"og:title\" content=\"C4 Silica-gel For Liquid Chromatography | BioVanix\" \/>\n\t\t<meta property=\"og:description\" content=\"BioVanix C4 silica-gel packing material is based on high surface coverage C4 modified silica particles with end-capping. Factory Supply. OEM is available.\" \/>\n\t\t<meta property=\"og:url\" content=\"https:\/\/biovanix.com\/fr\/product\/c4-gel-de-silice-materiau-demballage\/\" \/>\n\t\t<meta property=\"og:image\" content=\"https:\/\/biovanix.com\/wp-content\/uploads\/2024\/01\/biovanix-logo-small.png\" \/>\n\t\t<meta property=\"og:image:secure_url\" content=\"https:\/\/biovanix.com\/wp-content\/uploads\/2024\/01\/biovanix-logo-small.png\" \/>\n\t\t<meta property=\"og:image:width\" content=\"300\" \/>\n\t\t<meta property=\"og:image:height\" content=\"240\" \/>\n\t\t<meta property=\"article:published_time\" content=\"2025-02-04T12:11:26+00:00\" \/>\n\t\t<meta property=\"article:modified_time\" content=\"2025-03-06T13:44:24+00:00\" \/>\n\t\t<meta property=\"article:publisher\" content=\"https:\/\/facebook.com\/BioVanix\" \/>\n\t\t<meta name=\"twitter:card\" content=\"summary_large_image\" \/>\n\t\t<meta name=\"twitter:site\" content=\"@BioVanix\" \/>\n\t\t<meta name=\"twitter:title\" content=\"C4 Silica-gel For Liquid Chromatography | BioVanix\" \/>\n\t\t<meta name=\"twitter:description\" content=\"BioVanix C4 silica-gel packing material is based on high surface coverage C4 modified silica particles with end-capping. Factory Supply. OEM is available.\" \/>\n\t\t<meta name=\"twitter:image\" content=\"https:\/\/biovanix.com\/wp-content\/uploads\/2024\/01\/biovanix-logo-small.png\" \/>\n\t\t<script type=\"application\/ld+json\" class=\"aioseo-schema\">\n\t\t\t{\"@context\":\"https:\\\/\\\/schema.org\",\"@graph\":[{\"@type\":\"BreadcrumbList\",\"@id\":\"https:\\\/\\\/biovanix.com\\\/fr\\\/product\\\/c4-gel-de-silice-materiau-demballage\\\/#breadcrumblist\",\"itemListElement\":[{\"@type\":\"ListItem\",\"@id\":\"https:\\\/\\\/biovanix.com\\\/fr#listItem\",\"position\":1,\"name\":\"Home\",\"item\":\"https:\\\/\\\/biovanix.com\\\/fr\",\"nextItem\":{\"@type\":\"ListItem\",\"@id\":\"https:\\\/\\\/biovanix.com\\\/fr\\\/shop\\\/#listItem\",\"name\":\"Shop\"}},{\"@type\":\"ListItem\",\"@id\":\"https:\\\/\\\/biovanix.com\\\/fr\\\/shop\\\/#listItem\",\"position\":2,\"name\":\"Shop\",\"item\":\"https:\\\/\\\/biovanix.com\\\/fr\\\/shop\\\/\",\"nextItem\":{\"@type\":\"ListItem\",\"@id\":\"https:\\\/\\\/biovanix.com\\\/fr\\\/marque\\\/biovanix\\\/#listItem\",\"name\":\"Biovanix\"},\"previousItem\":{\"@type\":\"ListItem\",\"@id\":\"https:\\\/\\\/biovanix.com\\\/fr#listItem\",\"name\":\"Home\"}},{\"@type\":\"ListItem\",\"@id\":\"https:\\\/\\\/biovanix.com\\\/fr\\\/marque\\\/biovanix\\\/#listItem\",\"position\":3,\"name\":\"Biovanix\",\"item\":\"https:\\\/\\\/biovanix.com\\\/fr\\\/marque\\\/biovanix\\\/\",\"nextItem\":{\"@type\":\"ListItem\",\"@id\":\"https:\\\/\\\/biovanix.com\\\/fr\\\/product\\\/c4-gel-de-silice-materiau-demballage\\\/#listItem\",\"name\":\"C4 Silica-gel Packing Material\"},\"previousItem\":{\"@type\":\"ListItem\",\"@id\":\"https:\\\/\\\/biovanix.com\\\/fr\\\/shop\\\/#listItem\",\"name\":\"Shop\"}},{\"@type\":\"ListItem\",\"@id\":\"https:\\\/\\\/biovanix.com\\\/fr\\\/product\\\/c4-gel-de-silice-materiau-demballage\\\/#listItem\",\"position\":4,\"name\":\"C4 Silica-gel Packing Material\",\"previousItem\":{\"@type\":\"ListItem\",\"@id\":\"https:\\\/\\\/biovanix.com\\\/fr\\\/marque\\\/biovanix\\\/#listItem\",\"name\":\"Biovanix\"}}]},{\"@type\":\"Organization\",\"@id\":\"https:\\\/\\\/biovanix.com\\\/fr\\\/#organization\",\"name\":\"biovanix.com\",\"description\":\"Professional Instrument Supplier\",\"url\":\"https:\\\/\\\/biovanix.com\\\/fr\\\/\",\"telephone\":\"+8618816200534\",\"logo\":{\"@type\":\"ImageObject\",\"url\":\"https:\\\/\\\/biovanix.com\\\/wp-content\\\/uploads\\\/2024\\\/01\\\/biovanix-logo-small.png\",\"@id\":\"https:\\\/\\\/biovanix.com\\\/fr\\\/product\\\/c4-gel-de-silice-materiau-demballage\\\/#organizationLogo\",\"width\":300,\"height\":240,\"caption\":\"biovanix logo small\"},\"image\":{\"@id\":\"https:\\\/\\\/biovanix.com\\\/fr\\\/product\\\/c4-gel-de-silice-materiau-demballage\\\/#organizationLogo\"},\"sameAs\":[\"https:\\\/\\\/facebook.com\\\/BioVanix\",\"https:\\\/\\\/x.com\\\/BioVanix\",\"https:\\\/\\\/instagram.com\\\/BioVanix\",\"https:\\\/\\\/tiktok.com\\\/@BioVanix\",\"https:\\\/\\\/pinterest.com\\\/BioVanix\",\"https:\\\/\\\/youtube.com\\\/BioVanix\",\"https:\\\/\\\/linkedin.com\\\/in\\\/BioVanix\"]},{\"@type\":\"Product\",\"@id\":\"https:\\\/\\\/biovanix.com\\\/fr\\\/product\\\/c4-gel-de-silice-materiau-demballage\\\/#wooCommerceProduct\",\"name\":\"C4 Silica-gel Packing Material\",\"url\":\"https:\\\/\\\/biovanix.com\\\/fr\\\/product\\\/c4-gel-de-silice-materiau-demballage\\\/\",\"brand\":{\"@type\":\"Brand\",\"name\":\"Biovanix\"},\"sku\":\"M1180510\",\"image\":{\"@type\":\"ImageObject\",\"url\":\"https:\\\/\\\/biovanix.com\\\/wp-content\\\/uploads\\\/2025\\\/01\\\/3.jpg\",\"@id\":\"https:\\\/\\\/biovanix.com\\\/fr\\\/product\\\/c4-gel-de-silice-materiau-demballage\\\/#productImage\",\"width\":500,\"height\":500},\"offers\":{\"@type\":\"Offer\",\"url\":\"https:\\\/\\\/biovanix.com\\\/fr\\\/product\\\/c4-gel-de-silice-materiau-demballage\\\/#wooCommerceOffer\",\"price\":0,\"priceCurrency\":\"USD\",\"category\":\"Silica-gel\",\"availability\":\"https:\\\/\\\/schema.org\\\/InStock\",\"seller\":{\"@type\":\"Organization\",\"@id\":\"https:\\\/\\\/biovanix.com\\\/fr\\\/#organization\"}}},{\"@type\":\"WebPage\",\"@id\":\"https:\\\/\\\/biovanix.com\\\/fr\\\/product\\\/c4-gel-de-silice-materiau-demballage\\\/#webpage\",\"url\":\"https:\\\/\\\/biovanix.com\\\/fr\\\/product\\\/c4-gel-de-silice-materiau-demballage\\\/\",\"name\":\"C4 Silica-gel For Liquid Chromatography | BioVanix\",\"description\":\"BioVanix C4 silica-gel packing material is based on high surface coverage C4 modified silica particles with end-capping. Factory Supply. OEM is available.\",\"inLanguage\":\"fr-FR\",\"isPartOf\":{\"@id\":\"https:\\\/\\\/biovanix.com\\\/fr\\\/#website\"},\"breadcrumb\":{\"@id\":\"https:\\\/\\\/biovanix.com\\\/fr\\\/product\\\/c4-gel-de-silice-materiau-demballage\\\/#breadcrumblist\"},\"image\":{\"@type\":\"ImageObject\",\"url\":\"https:\\\/\\\/biovanix.com\\\/wp-content\\\/uploads\\\/2025\\\/01\\\/3.jpg\",\"@id\":\"https:\\\/\\\/biovanix.com\\\/fr\\\/product\\\/c4-gel-de-silice-materiau-demballage\\\/#mainImage\",\"width\":500,\"height\":500},\"primaryImageOfPage\":{\"@id\":\"https:\\\/\\\/biovanix.com\\\/fr\\\/product\\\/c4-gel-de-silice-materiau-demballage\\\/#mainImage\"},\"datePublished\":\"2025-02-04T12:11:26+08:00\",\"dateModified\":\"2025-03-06T13:44:24+08:00\"},{\"@type\":\"WebSite\",\"@id\":\"https:\\\/\\\/biovanix.com\\\/fr\\\/#website\",\"url\":\"https:\\\/\\\/biovanix.com\\\/fr\\\/\",\"name\":\"biovanix.com\",\"description\":\"Professional Instrument Supplier\",\"inLanguage\":\"fr-FR\",\"publisher\":{\"@id\":\"https:\\\/\\\/biovanix.com\\\/fr\\\/#organization\"}}]}\n\t\t<\/script>\n\t\t<!-- All in One SEO Pro -->\r\n\t\t<title>C4 Silica-gel For Liquid Chromatography | BioVanix<\/title>\n\n","aioseo_head_json":{"title":"Gel de silice C4 pour chromatographie liquide | BioVanix","description":"Le mat\u00e9riau d'emballage BioVanix C4 silica-gel est bas\u00e9 sur des particules de silice modifi\u00e9es C4 \u00e0 haute couverture de surface avec un bouchage final. Fourniture en usine. OEM disponible.","canonical_url":"https:\/\/biovanix.com\/fr\/product\/c4-gel-de-silice-materiau-demballage\/","robots":"max-image-preview:large","keywords":"","webmasterTools":{"miscellaneous":""},"schema":{"@context":"https:\/\/schema.org","@graph":[{"@type":"BreadcrumbList","@id":"https:\/\/biovanix.com\/fr\/product\/c4-gel-de-silice-materiau-demballage\/#breadcrumblist","itemListElement":[{"@type":"ListItem","@id":"https:\/\/biovanix.com\/fr#listItem","position":1,"name":"Home","item":"https:\/\/biovanix.com\/fr","nextItem":{"@type":"ListItem","@id":"https:\/\/biovanix.com\/fr\/shop\/#listItem","name":"Shop"}},{"@type":"ListItem","@id":"https:\/\/biovanix.com\/fr\/shop\/#listItem","position":2,"name":"Shop","item":"https:\/\/biovanix.com\/fr\/shop\/","nextItem":{"@type":"ListItem","@id":"https:\/\/biovanix.com\/fr\/marque\/biovanix\/#listItem","name":"Biovanix"},"previousItem":{"@type":"ListItem","@id":"https:\/\/biovanix.com\/fr#listItem","name":"Home"}},{"@type":"ListItem","@id":"https:\/\/biovanix.com\/fr\/marque\/biovanix\/#listItem","position":3,"name":"Biovanix","item":"https:\/\/biovanix.com\/fr\/marque\/biovanix\/","nextItem":{"@type":"ListItem","@id":"https:\/\/biovanix.com\/fr\/product\/c4-gel-de-silice-materiau-demballage\/#listItem","name":"C4 Silica-gel Packing Material"},"previousItem":{"@type":"ListItem","@id":"https:\/\/biovanix.com\/fr\/shop\/#listItem","name":"Shop"}},{"@type":"ListItem","@id":"https:\/\/biovanix.com\/fr\/product\/c4-gel-de-silice-materiau-demballage\/#listItem","position":4,"name":"C4 Silica-gel Packing Material","previousItem":{"@type":"ListItem","@id":"https:\/\/biovanix.com\/fr\/marque\/biovanix\/#listItem","name":"Biovanix"}}]},{"@type":"Organization","@id":"https:\/\/biovanix.com\/fr\/#organization","name":"biovanix.com","description":"Professional Instrument Supplier","url":"https:\/\/biovanix.com\/fr\/","telephone":"+8618816200534","logo":{"@type":"ImageObject","url":"https:\/\/biovanix.com\/wp-content\/uploads\/2024\/01\/biovanix-logo-small.png","@id":"https:\/\/biovanix.com\/fr\/product\/c4-gel-de-silice-materiau-demballage\/#organizationLogo","width":300,"height":240,"caption":"biovanix logo small"},"image":{"@id":"https:\/\/biovanix.com\/fr\/product\/c4-gel-de-silice-materiau-demballage\/#organizationLogo"},"sameAs":["https:\/\/facebook.com\/BioVanix","https:\/\/x.com\/BioVanix","https:\/\/instagram.com\/BioVanix","https:\/\/tiktok.com\/@BioVanix","https:\/\/pinterest.com\/BioVanix","https:\/\/youtube.com\/BioVanix","https:\/\/linkedin.com\/in\/BioVanix"]},{"@type":"Product","@id":"https:\/\/biovanix.com\/fr\/product\/c4-gel-de-silice-materiau-demballage\/#wooCommerceProduct","name":"C4 Silica-gel Packing Material","url":"https:\/\/biovanix.com\/fr\/product\/c4-gel-de-silice-materiau-demballage\/","brand":{"@type":"Brand","name":"Biovanix"},"sku":"M1180510","image":{"@type":"ImageObject","url":"https:\/\/biovanix.com\/wp-content\/uploads\/2025\/01\/3.jpg","@id":"https:\/\/biovanix.com\/fr\/product\/c4-gel-de-silice-materiau-demballage\/#productImage","width":500,"height":500},"offers":{"@type":"Offer","url":"https:\/\/biovanix.com\/fr\/product\/c4-gel-de-silice-materiau-demballage\/#wooCommerceOffer","price":0,"priceCurrency":"USD","category":"Silica-gel","availability":"https:\/\/schema.org\/InStock","seller":{"@type":"Organization","@id":"https:\/\/biovanix.com\/fr\/#organization"}}},{"@type":"WebPage","@id":"https:\/\/biovanix.com\/fr\/product\/c4-gel-de-silice-materiau-demballage\/#webpage","url":"https:\/\/biovanix.com\/fr\/product\/c4-gel-de-silice-materiau-demballage\/","name":"C4 Silica-gel For Liquid Chromatography | BioVanix","description":"BioVanix C4 silica-gel packing material is based on high surface coverage C4 modified silica particles with end-capping. Factory Supply. OEM is available.","inLanguage":"fr-FR","isPartOf":{"@id":"https:\/\/biovanix.com\/fr\/#website"},"breadcrumb":{"@id":"https:\/\/biovanix.com\/fr\/product\/c4-gel-de-silice-materiau-demballage\/#breadcrumblist"},"image":{"@type":"ImageObject","url":"https:\/\/biovanix.com\/wp-content\/uploads\/2025\/01\/3.jpg","@id":"https:\/\/biovanix.com\/fr\/product\/c4-gel-de-silice-materiau-demballage\/#mainImage","width":500,"height":500},"primaryImageOfPage":{"@id":"https:\/\/biovanix.com\/fr\/product\/c4-gel-de-silice-materiau-demballage\/#mainImage"},"datePublished":"2025-02-04T12:11:26+08:00","dateModified":"2025-03-06T13:44:24+08:00"},{"@type":"WebSite","@id":"https:\/\/biovanix.com\/fr\/#website","url":"https:\/\/biovanix.com\/fr\/","name":"biovanix.com","description":"Professional Instrument Supplier","inLanguage":"fr-FR","publisher":{"@id":"https:\/\/biovanix.com\/fr\/#organization"}}]},"og:locale":"fr_FR","og:site_name":"BioVanix | Professional Instrument Supplier","og:type":"article","og:title":"C4 Silica-gel For Liquid Chromatography | BioVanix","og:description":"BioVanix C4 silica-gel packing material is based on high surface coverage C4 modified silica particles with end-capping. Factory Supply. OEM is available.","og:url":"https:\/\/biovanix.com\/fr\/product\/c4-gel-de-silice-materiau-demballage\/","og:image":"https:\/\/biovanix.com\/wp-content\/uploads\/2024\/01\/biovanix-logo-small.png","og:image:secure_url":"https:\/\/biovanix.com\/wp-content\/uploads\/2024\/01\/biovanix-logo-small.png","og:image:width":300,"og:image:height":240,"article:published_time":"2025-02-04T12:11:26+00:00","article:modified_time":"2025-03-06T13:44:24+00:00","article:publisher":"https:\/\/facebook.com\/BioVanix","twitter:card":"summary_large_image","twitter:site":"@BioVanix","twitter:title":"C4 Silica-gel For Liquid Chromatography | BioVanix","twitter:description":"BioVanix C4 silica-gel packing material is based on high surface coverage C4 modified silica particles with end-capping. Factory Supply. OEM is available.","twitter:image":"https:\/\/biovanix.com\/wp-content\/uploads\/2024\/01\/biovanix-logo-small.png"},"aioseo_meta_data":{"post_id":"4578","title":"Gel de silice C4 pour chromatographie liquide | BioVanix","description":"Le mat\u00e9riau d'emballage BioVanix C4 silica-gel est bas\u00e9 sur des particules de silice modifi\u00e9es C4 \u00e0 haute couverture de surface avec un bouchage final. Fourniture en usine. OEM disponible.","keywords":null,"keyphrases":{"focus":{"keyphrase":"C4","score":68,"analysis":{"keyphraseInTitle":{"score":9,"maxScore":9,"error":0},"keyphraseInDescription":{"score":9,"maxScore":9,"error":0},"keyphraseLength":{"score":9,"maxScore":9,"error":0,"length":1},"keyphraseInURL":{"score":1,"maxScore":5,"error":1},"keyphraseInIntroduction":{"score":9,"maxScore":9,"error":0},"keyphraseInSubHeadings":{"score":3,"maxScore":9,"error":1},"keyphraseInImageAlt":[],"keywordDensity":{"type":"high","score":0,"maxScore":9,"error":1}}},"additional":[{"keyphrase":"silica-gel","score":75,"analysis":{"keyphraseInDescription":{"score":9,"maxScore":9,"error":0},"keyphraseLength":{"score":9,"maxScore":9,"error":0,"length":1},"keyphraseInIntroduction":{"score":9,"maxScore":9,"error":0},"keyphraseInImageAlt":[],"keywordDensity":{"type":"high","score":0,"maxScore":9,"error":1}}}]},"primary_term":null,"canonical_url":null,"og_title":null,"og_description":null,"og_object_type":"default","og_image_type":"default","og_image_url":null,"og_image_width":null,"og_image_height":null,"og_image_custom_url":null,"og_image_custom_fields":null,"og_video":"","og_custom_url":null,"og_article_section":null,"og_article_tags":null,"twitter_use_og":false,"twitter_card":"default","twitter_image_type":"default","twitter_image_url":null,"twitter_image_custom_url":null,"twitter_image_custom_fields":null,"twitter_title":null,"twitter_description":null,"schema":{"blockGraphs":[],"customGraphs":[],"default":{"data":{"Article":[],"Course":[],"Dataset":[],"FAQPage":[],"Movie":[],"Person":[],"Product":[],"ProductReview":[],"Car":[],"Recipe":[],"Service":[],"SoftwareApplication":[],"WebPage":[]},"graphName":"Product","isEnabled":true},"graphs":[]},"schema_type":"default","schema_type_options":null,"pillar_content":false,"robots_default":true,"robots_noindex":false,"robots_noarchive":false,"robots_nosnippet":false,"robots_nofollow":false,"robots_noimageindex":false,"robots_noodp":false,"robots_notranslate":false,"robots_max_snippet":"-1","robots_max_videopreview":"-1","robots_max_imagepreview":"large","priority":null,"frequency":"default","local_seo":null,"seo_analyzer_scan_date":"2025-10-13 04:50:43","breadcrumb_settings":null,"limit_modified_date":false,"reviewed_by":null,"open_ai":"{\"title\":{\"suggestions\":[],\"usage\":0},\"description\":{\"suggestions\":[],\"usage\":0}}","ai":null,"created":"2025-02-04 12:11:27","updated":"2025-10-13 04:50:43"},"aioseo_breadcrumb":"<div class=\"aioseo-breadcrumbs\"><span class=\"aioseo-breadcrumb\">\n\t<a href=\"https:\/\/biovanix.com\/fr\" title=\"Home\">Home<\/a>\n<\/span><span class=\"aioseo-breadcrumb-separator\">&raquo;<\/span><span class=\"aioseo-breadcrumb\">\n\t<a href=\"https:\/\/biovanix.com\/fr\/shop\/\" title=\"Shop\">Shop<\/a>\n<\/span><span class=\"aioseo-breadcrumb-separator\">&raquo;<\/span><span class=\"aioseo-breadcrumb\">\n\t<a href=\"https:\/\/biovanix.com\/fr\/marque\/biovanix\/\" title=\"Biovanix\">Biovanix<\/a>\n<\/span><span class=\"aioseo-breadcrumb-separator\">&raquo;<\/span><span class=\"aioseo-breadcrumb\">\n\tC4 Silica-gel Packing Material\n<\/span><\/div>","aioseo_breadcrumb_json":[{"label":"Home","link":"https:\/\/biovanix.com\/fr"},{"label":"Shop","link":"https:\/\/biovanix.com\/fr\/shop\/"},{"label":"Biovanix","link":"https:\/\/biovanix.com\/fr\/marque\/biovanix\/"},{"label":"C4 Silica-gel Packing Material","link":"https:\/\/biovanix.com\/fr\/product\/c4-gel-de-silice-materiau-demballage\/"}],"jetpack_sharing_enabled":true,"_links":{"self":[{"href":"https:\/\/biovanix.com\/fr\/wp-json\/wp\/v2\/product\/4578","targetHints":{"allow":["GET"]}}],"collection":[{"href":"https:\/\/biovanix.com\/fr\/wp-json\/wp\/v2\/product"}],"about":[{"href":"https:\/\/biovanix.com\/fr\/wp-json\/wp\/v2\/types\/product"}],"version-history":[{"count":1,"href":"https:\/\/biovanix.com\/fr\/wp-json\/wp\/v2\/product\/4578\/revisions"}],"predecessor-version":[{"id":4579,"href":"https:\/\/biovanix.com\/fr\/wp-json\/wp\/v2\/product\/4578\/revisions\/4579"}],"wp:featuredmedia":[{"embeddable":true,"href":"https:\/\/biovanix.com\/fr\/wp-json\/wp\/v2\/media\/3669"}],"wp:attachment":[{"href":"https:\/\/biovanix.com\/fr\/wp-json\/wp\/v2\/media?parent=4578"}],"wp:term":[{"taxonomy":"product_brand","embeddable":true,"href":"https:\/\/biovanix.com\/fr\/wp-json\/wp\/v2\/product_brand?post=4578"},{"taxonomy":"product_cat","embeddable":true,"href":"https:\/\/biovanix.com\/fr\/wp-json\/wp\/v2\/product_cat?post=4578"},{"taxonomy":"product_tag","embeddable":true,"href":"https:\/\/biovanix.com\/fr\/wp-json\/wp\/v2\/product_tag?post=4578"}],"curies":[{"name":"wp","href":"https:\/\/api.w.org\/{rel}","templated":true}]}}